{"id":234220,"date":"2022-01-13T13:05:20","date_gmt":"2022-01-13T18:05:20","guid":{"rendered":"https:\/\/www.almacenflotablanca.com\/web\/producto\/herraduras-de-freno-shimano-claris-r2000-gris\/"},"modified":"2026-04-15T16:11:45","modified_gmt":"2026-04-15T21:11:45","slug":"herraduras-de-freno-shimano-claris-r2000-gris","status":"publish","type":"product","link":"https:\/\/www.almacenflotablanca.com\/web\/producto\/herraduras-de-freno-shimano-claris-r2000-gris\/","title":{"rendered":"Herraduras De Freno Shimano Claris R2000 Gris"},"content":{"rendered":"<p>Herraduras De Freno Shimano Claris R2000 Gris, pares herraduras de freno shimano claris br-r2000 delantera y trasera con tacos de freno para bicicleta de ruta. Herraduras shimano claris en aluminio, incluye borradores, tornillo graduador, palanca para abrir y liberar la rueda. Dise\u00f1o de pinza de aluminio ligero con un resistente acabado anodizado. Zapatas de freno ajustables para una perfecta alineaci\u00f3n de la pastilla, cierre r\u00e1pido para quitar la rueda de forma r\u00e1pida y f\u00e1cil.<\/p>\n<p>El Shimano Claris BR-2000 es un freno de doble pivote con tecnolog\u00eda Shimano Linear Response (SLR) para una respuesta m\u00e1s r\u00e1pida y un rendimiento de frenado optimizado. Otras caracter\u00edsticas son la zapata de freno con puntera ajustable y el cierre r\u00e1pido funcional y duradero. Con zapatas de freno R50T2 para un buen rendimiento de frenado en condiciones secas y h\u00famedas.<\/p>\n","protected":false},"excerpt":{"rendered":"<ul>\n<li>&#8211; Material: Aluminio<\/li>\n<li>&#8211; Serie: CLARIS R2000 Serie<\/li>\n<li>&#8211; Alcance (mm) : 51 mm<\/li>\n<li>&#8211; Ancho de la llanta (mm): 19 &#8211; 28<\/li>\n<\/ul>\n","protected":false},"featured_media":234217,"template":"","meta":{"_et_pb_use_builder":"","_et_pb_old_content":"","_et_gb_content_width":""},"product_brand":[],"product_cat":[74,180],"product_tag":[],"class_list":{"0":"post-234220","1":"product","2":"type-product","3":"status-publish","4":"has-post-thumbnail","6":"product_cat-bicicletas","7":"product_cat-repuestos","9":"first","10":"instock","11":"taxable","12":"shipping-taxable","13":"purchasable","14":"product-type-simple"},"_links":{"self":[{"href":"https:\/\/www.almacenflotablanca.com\/web\/wp-json\/wp\/v2\/product\/234220","targetHints":{"allow":["GET"]}}],"collection":[{"href":"https:\/\/www.almacenflotablanca.com\/web\/wp-json\/wp\/v2\/product"}],"about":[{"href":"https:\/\/www.almacenflotablanca.com\/web\/wp-json\/wp\/v2\/types\/product"}],"wp:featuredmedia":[{"embeddable":true,"href":"https:\/\/www.almacenflotablanca.com\/web\/wp-json\/wp\/v2\/media\/234217"}],"wp:attachment":[{"href":"https:\/\/www.almacenflotablanca.com\/web\/wp-json\/wp\/v2\/media?parent=234220"}],"wp:term":[{"taxonomy":"product_brand","embeddable":true,"href":"https:\/\/www.almacenflotablanca.com\/web\/wp-json\/wp\/v2\/product_brand?post=234220"},{"taxonomy":"product_cat","embeddable":true,"href":"https:\/\/www.almacenflotablanca.com\/web\/wp-json\/wp\/v2\/product_cat?post=234220"},{"taxonomy":"product_tag","embeddable":true,"href":"https:\/\/www.almacenflotablanca.com\/web\/wp-json\/wp\/v2\/product_tag?post=234220"}],"curies":[{"name":"wp","href":"https:\/\/api.w.org\/{rel}","templated":true}]}}