{"id":234225,"date":"2022-01-14T22:36:23","date_gmt":"2022-01-15T03:36:23","guid":{"rendered":"https:\/\/www.almacenflotablanca.com\/web\/producto\/tensor-claris-rd-r2400-shimano-gris\/"},"modified":"2026-04-15T16:11:43","modified_gmt":"2026-04-15T21:11:43","slug":"tensor-claris-rd-r2400-shimano-gris","status":"publish","type":"product","link":"https:\/\/www.almacenflotablanca.com\/web\/producto\/tensor-claris-rd-r2400-shimano-gris\/","title":{"rendered":"Tensor Claris Rd-R2400 Shimano Gris"},"content":{"rendered":"<p>Tensor Claris Rd-R2400 Shimano Gris, con su dise\u00f1o distintivo, incorporan perfiles de dientes y rampas de cambio espec\u00edficamente posicionadas para mejorar el control de la cadena durante el cambio. El resultado es un r\u00e1pido y sensitivo cambio indexado. El pi\u00f1\u00f3n de cassette HG, desarrollado para el sistema MTB de 8 velocidades, se ha sometido a una amplia optimizaci\u00f3n para lograr un cambio de alta eficacia. Con una acci\u00f3n ligera y cambios de marcha suaves, el cambio shimano claris es compatible con transmisiones de carretera de 8 velocidades.<\/p>\n","protected":false},"excerpt":{"rendered":"<ul>\n<li>&#8211; Cambio preciso y pedaleo ligero<\/li>\n<li>&#8211; Transmisi\u00f3n SIS de 8 velocidades<\/li>\n<li>&#8211; Muelle de acci\u00f3n ligera<\/li>\n<li>&#8211; Dise\u00f1o de enlace ancho<\/li>\n<\/ul>\n","protected":false},"featured_media":234221,"template":"","meta":{"_et_pb_use_builder":"","_et_pb_old_content":"","_et_gb_content_width":""},"product_brand":[],"product_cat":[74,180],"product_tag":[],"class_list":{"0":"post-234225","1":"product","2":"type-product","3":"status-publish","4":"has-post-thumbnail","6":"product_cat-bicicletas","7":"product_cat-repuestos","9":"first","10":"instock","11":"taxable","12":"shipping-taxable","13":"purchasable","14":"product-type-simple"},"_links":{"self":[{"href":"https:\/\/www.almacenflotablanca.com\/web\/wp-json\/wp\/v2\/product\/234225","targetHints":{"allow":["GET"]}}],"collection":[{"href":"https:\/\/www.almacenflotablanca.com\/web\/wp-json\/wp\/v2\/product"}],"about":[{"href":"https:\/\/www.almacenflotablanca.com\/web\/wp-json\/wp\/v2\/types\/product"}],"wp:featuredmedia":[{"embeddable":true,"href":"https:\/\/www.almacenflotablanca.com\/web\/wp-json\/wp\/v2\/media\/234221"}],"wp:attachment":[{"href":"https:\/\/www.almacenflotablanca.com\/web\/wp-json\/wp\/v2\/media?parent=234225"}],"wp:term":[{"taxonomy":"product_brand","embeddable":true,"href":"https:\/\/www.almacenflotablanca.com\/web\/wp-json\/wp\/v2\/product_brand?post=234225"},{"taxonomy":"product_cat","embeddable":true,"href":"https:\/\/www.almacenflotablanca.com\/web\/wp-json\/wp\/v2\/product_cat?post=234225"},{"taxonomy":"product_tag","embeddable":true,"href":"https:\/\/www.almacenflotablanca.com\/web\/wp-json\/wp\/v2\/product_tag?post=234225"}],"curies":[{"name":"wp","href":"https:\/\/api.w.org\/{rel}","templated":true}]}}