{"id":234315,"date":"2022-02-26T09:39:14","date_gmt":"2022-02-26T14:39:14","guid":{"rendered":"https:\/\/www.almacenflotablanca.com\/web\/producto\/bicicleta-rin-29-boston-9-vel-hidraulicos-profit-negra\/"},"modified":"2026-04-15T16:12:17","modified_gmt":"2026-04-15T21:12:17","slug":"bicicleta-rin-29-boston-9-vel-hidraulicos-profit-negra","status":"publish","type":"product","link":"https:\/\/www.almacenflotablanca.com\/web\/producto\/bicicleta-rin-29-boston-9-vel-hidraulicos-profit-negra\/","title":{"rendered":"Bicicleta Rin 29 Boston 9 Vel Hidraulicos Profit Negra"},"content":{"rendered":"<p>Bicicleta Rin 29 Boston 9 Vel Hidraulicos Profit Negra, marco boston profit en aluminio con cableado interno, suspensi\u00f3n boston profit en aluminio con bloqueo al hombro. Sistema de freno de disco hidr\u00e1ulico logan sus palancas microshift de 9X3 velocidades, la relaci\u00f3n boston 24\/34\/42, coronillas en acero, bielas en aluminio, aros boston en aluminio Llantas compas 29&#215;2.10. Descarrilador profit y su tensor microshift.<\/p>\n<p>Nuestras bicicletas cuentan con componentes de excelente calidad, los cuales te brindaran la confianza y seguridad que necesitas, Mu\u00e9vete por donde quieras, por nuestras hermosas monta\u00f1as o por la ciudad, usa tu bicicleta para disfrutar de un d\u00eda de paseo por zonas rurales o para que vayas a tu trabajo, estudio o para que simplemente te diviertas.<\/p>\n","protected":false},"excerpt":{"rendered":"<ul>\n<li>&#8211; Freno de disco: hidr\u00e1ulico logan<\/li>\n<li>&#8211; Pacha profit 12\/36<\/li>\n<li>&#8211; Manzana profit de 36 huecos en aluminio<\/li>\n<li>&#8211; Pedales en resina<\/li>\n<li>&#8211; Colores: negro con dorado, negro azul<\/li>\n<\/ul>\n","protected":false},"featured_media":234314,"template":"","meta":{"_et_pb_use_builder":"","_et_pb_old_content":"","_et_gb_content_width":""},"product_brand":[],"product_cat":[74,138],"product_tag":[],"class_list":{"0":"post-234315","1":"product","2":"type-product","3":"status-publish","4":"has-post-thumbnail","6":"product_cat-bicicletas","7":"product_cat-bicicletas-de-montana","9":"first","10":"outofstock","11":"taxable","12":"shipping-taxable","13":"purchasable","14":"product-type-simple"},"_links":{"self":[{"href":"https:\/\/www.almacenflotablanca.com\/web\/wp-json\/wp\/v2\/product\/234315","targetHints":{"allow":["GET"]}}],"collection":[{"href":"https:\/\/www.almacenflotablanca.com\/web\/wp-json\/wp\/v2\/product"}],"about":[{"href":"https:\/\/www.almacenflotablanca.com\/web\/wp-json\/wp\/v2\/types\/product"}],"wp:featuredmedia":[{"embeddable":true,"href":"https:\/\/www.almacenflotablanca.com\/web\/wp-json\/wp\/v2\/media\/234314"}],"wp:attachment":[{"href":"https:\/\/www.almacenflotablanca.com\/web\/wp-json\/wp\/v2\/media?parent=234315"}],"wp:term":[{"taxonomy":"product_brand","embeddable":true,"href":"https:\/\/www.almacenflotablanca.com\/web\/wp-json\/wp\/v2\/product_brand?post=234315"},{"taxonomy":"product_cat","embeddable":true,"href":"https:\/\/www.almacenflotablanca.com\/web\/wp-json\/wp\/v2\/product_cat?post=234315"},{"taxonomy":"product_tag","embeddable":true,"href":"https:\/\/www.almacenflotablanca.com\/web\/wp-json\/wp\/v2\/product_tag?post=234315"}],"curies":[{"name":"wp","href":"https:\/\/api.w.org\/{rel}","templated":true}]}}