{"id":234343,"date":"2022-02-28T16:39:41","date_gmt":"2022-02-28T21:39:41","guid":{"rendered":"https:\/\/www.almacenflotablanca.com\/web\/producto\/mancuerna-encauchetada-7-5-kg-sport-fitness-negra\/"},"modified":"2026-04-15T16:11:09","modified_gmt":"2026-04-15T21:11:09","slug":"mancuerna-encauchetada-7-5-kg-sport-fitness-negra","status":"publish","type":"product","link":"https:\/\/www.almacenflotablanca.com\/web\/producto\/mancuerna-encauchetada-7-5-kg-sport-fitness-negra\/","title":{"rendered":"Mancuerna Encauchetada 7.5 Kg Sport Fitness Negra"},"content":{"rendered":"<p>Mancuerna Encauchetada 7.5 Kg Sport Fitness Negra, su material en hierro fundido y caucho inyectado, eje acerado cromado. Fortalece la parte superior del cuerpo, b\u00edceps, tr\u00edceps, pectoral, hombro y espalda. Hacer ejercicio y cuidar la salud es muy importante, por ello ofrecemos una opci\u00f3n sencilla que podr\u00e1s usar en casa escuchando tu m\u00fasica favorita. Un producto que te ayudar\u00e1 a sentirte cada d\u00eda mejor y m\u00e1s fuerte. Lucir\u00e1s como quieres con este pr\u00e1ctico art\u00edculo deportivo que complementa tus rutinas, quema grasa y tonifica tus m\u00fasculos; para as\u00ed moldear las partes del cuerpo que siempre has querido.<\/p>\n","protected":false},"excerpt":{"rendered":"<ul>\n<li> &#8211; Material de la mancuerna: hierro <\/li>\n<li> &#8211; Material de recubrimiento de la mancuerna: caucho <\/li>\n<li> &#8211; Caucho inyectado  <\/li>\n<li> &#8211; Eje acerado cromado <\/li>\n<li> &#8211; Uso: Hogar, Institucional <\/li>\n<\/ul>\n","protected":false},"featured_media":234342,"template":"","meta":{"_et_pb_use_builder":"","_et_pb_old_content":"","_et_gb_content_width":""},"product_brand":[],"product_cat":[135,127],"product_tag":[],"class_list":{"0":"post-234343","1":"product","2":"type-product","3":"status-publish","4":"has-post-thumbnail","6":"product_cat-fuerza","7":"product_cat-mancuernas","9":"first","10":"instock","11":"taxable","12":"shipping-taxable","13":"purchasable","14":"product-type-simple"},"_links":{"self":[{"href":"https:\/\/www.almacenflotablanca.com\/web\/wp-json\/wp\/v2\/product\/234343","targetHints":{"allow":["GET"]}}],"collection":[{"href":"https:\/\/www.almacenflotablanca.com\/web\/wp-json\/wp\/v2\/product"}],"about":[{"href":"https:\/\/www.almacenflotablanca.com\/web\/wp-json\/wp\/v2\/types\/product"}],"wp:featuredmedia":[{"embeddable":true,"href":"https:\/\/www.almacenflotablanca.com\/web\/wp-json\/wp\/v2\/media\/234342"}],"wp:attachment":[{"href":"https:\/\/www.almacenflotablanca.com\/web\/wp-json\/wp\/v2\/media?parent=234343"}],"wp:term":[{"taxonomy":"product_brand","embeddable":true,"href":"https:\/\/www.almacenflotablanca.com\/web\/wp-json\/wp\/v2\/product_brand?post=234343"},{"taxonomy":"product_cat","embeddable":true,"href":"https:\/\/www.almacenflotablanca.com\/web\/wp-json\/wp\/v2\/product_cat?post=234343"},{"taxonomy":"product_tag","embeddable":true,"href":"https:\/\/www.almacenflotablanca.com\/web\/wp-json\/wp\/v2\/product_tag?post=234343"}],"curies":[{"name":"wp","href":"https:\/\/api.w.org\/{rel}","templated":true}]}}