{"id":234355,"date":"2022-03-05T09:39:16","date_gmt":"2022-03-05T14:39:16","guid":{"rendered":"https:\/\/www.almacenflotablanca.com\/web\/producto\/bicicleta-rin-26-fx-3-venzo-naranja\/"},"modified":"2026-04-15T16:11:36","modified_gmt":"2026-04-15T21:11:36","slug":"bicicleta-rin-26-fx-3-venzo-naranja","status":"publish","type":"product","link":"https:\/\/www.almacenflotablanca.com\/web\/producto\/bicicleta-rin-26-fx-3-venzo-naranja\/","title":{"rendered":"Bicicleta Rin 26 Fx-3 Venzo Naranja"},"content":{"rendered":"<p>Bicicleta Rin 26 Fx-3 Venzo Naranja, viene elaborada  con un marco FX-3 DIRT JUMP en aluminio, su suspensi\u00f3n RST DIRT, codo VENZO, Direcci\u00f3n VENZO 780MM, cuenta con unas palancas integradas shimano de 3&#215;9 velocidades y una relaci\u00f3n shimano 42\/34\/24, coronillas en acero, bielas en aluminio, pacha shimano megaranger 14\/34. Descarrilador sunrace Tensor shimano turney tz, manzana en aluminio de 36 huecos, los aros gravity 26&#215;1.75 y sus llantas vienen elaboradas:  wanda 26&#215;2.125.<br \/>\nCuentan con componentes de excelente calidad, los cuales te brindaran la confianza y seguridad que necesitas, Mu\u00e9vete por donde quieras, por nuestras hermosas monta\u00f1as o por la ciudad, usa tu bicicleta para disfrutar de un d\u00eda de paseo por zonas rurales o para que vayas a tu trabajo, estudio o para que simplemente te diviertas.<\/p>\n","protected":false},"excerpt":{"rendered":"<ul>\n<li> &#8211; Marco: FX-3 DIRT JUMP en aluminio  <\/li>\n<li> &#8211; Sistema de freno: disco mec\u00e1nico <\/li>\n<li> &#8211; Uso: Hogar, Institucional <\/li>\n<li> &#8211; Edad apropiada: desde los 14 a\u00f1os en adelante <\/li>\n<li> &#8211; Colores: gris oscuro con naranja, naranja <\/li>\n<\/ul>\n","protected":false},"featured_media":234350,"template":"","meta":{"_et_pb_use_builder":"","_et_pb_old_content":"","_et_gb_content_width":""},"product_brand":[],"product_cat":[74,138],"product_tag":[],"class_list":{"0":"post-234355","1":"product","2":"type-product","3":"status-publish","4":"has-post-thumbnail","6":"product_cat-bicicletas","7":"product_cat-bicicletas-de-montana","9":"first","10":"outofstock","11":"taxable","12":"shipping-taxable","13":"purchasable","14":"product-type-simple"},"_links":{"self":[{"href":"https:\/\/www.almacenflotablanca.com\/web\/wp-json\/wp\/v2\/product\/234355","targetHints":{"allow":["GET"]}}],"collection":[{"href":"https:\/\/www.almacenflotablanca.com\/web\/wp-json\/wp\/v2\/product"}],"about":[{"href":"https:\/\/www.almacenflotablanca.com\/web\/wp-json\/wp\/v2\/types\/product"}],"wp:featuredmedia":[{"embeddable":true,"href":"https:\/\/www.almacenflotablanca.com\/web\/wp-json\/wp\/v2\/media\/234350"}],"wp:attachment":[{"href":"https:\/\/www.almacenflotablanca.com\/web\/wp-json\/wp\/v2\/media?parent=234355"}],"wp:term":[{"taxonomy":"product_brand","embeddable":true,"href":"https:\/\/www.almacenflotablanca.com\/web\/wp-json\/wp\/v2\/product_brand?post=234355"},{"taxonomy":"product_cat","embeddable":true,"href":"https:\/\/www.almacenflotablanca.com\/web\/wp-json\/wp\/v2\/product_cat?post=234355"},{"taxonomy":"product_tag","embeddable":true,"href":"https:\/\/www.almacenflotablanca.com\/web\/wp-json\/wp\/v2\/product_tag?post=234355"}],"curies":[{"name":"wp","href":"https:\/\/api.w.org\/{rel}","templated":true}]}}