{"id":234365,"date":"2022-03-05T11:33:19","date_gmt":"2022-03-05T16:33:19","guid":{"rendered":"https:\/\/www.almacenflotablanca.com\/web\/producto\/bicicleta-rin-29-aquila-9-vel-optimus-azul\/"},"modified":"2026-04-15T16:12:15","modified_gmt":"2026-04-15T21:12:15","slug":"bicicleta-rin-29-aquila-9-vel-optimus-azul","status":"publish","type":"product","link":"https:\/\/www.almacenflotablanca.com\/web\/producto\/bicicleta-rin-29-aquila-9-vel-optimus-azul\/","title":{"rendered":"Bicicleta Rin 29 Aquila 9 vel Optimus Azul"},"content":{"rendered":"<p>Bicicleta Rin 29 Aquila 9 vel Optimus Azul, cuenta con un marco optimus aquila en aluminio con cableado interno, esta bicicleta tambi\u00e9n cuenta con una suspensi\u00f3n optimus aquila con bloqueo a la direcci\u00f3n, un codo otimus y Direcci\u00f3n optimus aquila de 790\u202fmm, y un sistema de freno de disco hidr\u00e1ulico optimus, palancas optimus de 2X9 velocidades. Relaci\u00f3n optimus aquila 36\/22, coronillas en acero, bielas en aluminio 170 una pacha 11\/40 optimus de cassettera. Descarrilador y Tensor optimus, adem\u00e1s de eso cuenta con una manzana optimus de 32 huecos y unos aros optimus.<\/p>\n<p>Nuestras bicicletas cuentan con componentes de excelente calidad, los cuales te brindaran la confianza y seguridad que necesitas, Mu\u00e9vete por donde quieras usa tu bicicleta para disfrutar de un d\u00eda de paseo por zonas rurales o para que vayas a tu trabajo, estudio o para que simplemente te diviertas. As\u00ed que aprovecha esta oportunidad y ll\u00e9vate esta excelente bicicleta fabricada y ensamblada especialmente para ti.<\/p>\n","protected":false},"excerpt":{"rendered":"<ul>\n<li>&#8211; Marco: Aluminio<\/li>\n<li>&#8211; Freno: Disco hidr\u00e1ulico<\/li>\n<li>&#8211; Llantas kenda 29&#215;2.10<\/li>\n<li>&#8211; Uso: Hogar, Institucional<\/li>\n<li>&#8211; Colores: azul<\/li>\n<\/ul>\n","protected":false},"featured_media":234361,"template":"","meta":{"_et_pb_use_builder":"","_et_pb_old_content":"","_et_gb_content_width":""},"product_brand":[],"product_cat":[74,138],"product_tag":[],"class_list":{"0":"post-234365","1":"product","2":"type-product","3":"status-publish","4":"has-post-thumbnail","6":"product_cat-bicicletas","7":"product_cat-bicicletas-de-montana","9":"first","10":"outofstock","11":"taxable","12":"shipping-taxable","13":"purchasable","14":"product-type-simple"},"_links":{"self":[{"href":"https:\/\/www.almacenflotablanca.com\/web\/wp-json\/wp\/v2\/product\/234365","targetHints":{"allow":["GET"]}}],"collection":[{"href":"https:\/\/www.almacenflotablanca.com\/web\/wp-json\/wp\/v2\/product"}],"about":[{"href":"https:\/\/www.almacenflotablanca.com\/web\/wp-json\/wp\/v2\/types\/product"}],"wp:featuredmedia":[{"embeddable":true,"href":"https:\/\/www.almacenflotablanca.com\/web\/wp-json\/wp\/v2\/media\/234361"}],"wp:attachment":[{"href":"https:\/\/www.almacenflotablanca.com\/web\/wp-json\/wp\/v2\/media?parent=234365"}],"wp:term":[{"taxonomy":"product_brand","embeddable":true,"href":"https:\/\/www.almacenflotablanca.com\/web\/wp-json\/wp\/v2\/product_brand?post=234365"},{"taxonomy":"product_cat","embeddable":true,"href":"https:\/\/www.almacenflotablanca.com\/web\/wp-json\/wp\/v2\/product_cat?post=234365"},{"taxonomy":"product_tag","embeddable":true,"href":"https:\/\/www.almacenflotablanca.com\/web\/wp-json\/wp\/v2\/product_tag?post=234365"}],"curies":[{"name":"wp","href":"https:\/\/api.w.org\/{rel}","templated":true}]}}