{"id":234375,"date":"2022-03-08T22:03:31","date_gmt":"2022-03-09T03:03:31","guid":{"rendered":"https:\/\/www.almacenflotablanca.com\/web\/producto\/bicicleta-rin-16-nina-fairy-gw-blanca\/"},"modified":"2026-04-15T16:10:49","modified_gmt":"2026-04-15T21:10:49","slug":"bicicleta-rin-16-nina-fairy-gw-blanca","status":"publish","type":"product","link":"https:\/\/www.almacenflotablanca.com\/web\/producto\/bicicleta-rin-16-nina-fairy-gw-blanca\/","title":{"rendered":"Bicicleta Rin 16 Ni\u00f1a Fairy Gw Blanca"},"content":{"rendered":"<p>Bicicleta Rin 16 Ni\u00f1a Fairy Gw Blanca, dise\u00f1ada para la diversi\u00f3n de aquellos que apenas est\u00e1n comenzando a montar bicicleta con pedal, elaborada en acero liviano con protecci\u00f3n de plato y pi\u00f1\u00f3n. Cuenta con una parrilla trasera y una canasta delantera que llama la atenci\u00f3n de las ni\u00f1as, adicional a eso tiene timbre con tono grave y otras protecciones en algunas barras del marco como (espumas, abrazaderas, mangos).<br \/>\nNuestras bicicletas cuentan con componentes de excelente calidad, los cuales te brindaran la confianza y seguridad que necesitas, Mu\u00e9vete por donde quieras, por nuestras hermosas monta\u00f1as o por la ciudad, usa tu bicicleta para disfrutar de un d\u00eda de paseo por zonas rurales o para que vayas a tu trabajo, estudio o para que simplemente te diviertas.<\/p>\n","protected":false},"excerpt":{"rendered":"<ul>\n<li> &#8211; Material: Acero <\/li>\n<li> &#8211; Rin: 12 \u2013 Aluminio <\/li>\n<li> &#8211; Freno: V \u2013 Brake <\/li>\n<li> &#8211; Incluye: Cubrecadena, guardafangos, timbre, canasta, parrilla y ruedas auxiliares <\/li>\n<li> &#8211; Edad apropiada desde los 4 a\u00f1os hasta 6 a\u00f1os <\/li>\n<li> &#8211; Colores: magenta, azul, blanco <\/li>\n<\/ul>\n","protected":false},"featured_media":235489,"template":"","meta":{"_et_pb_use_builder":"","_et_pb_old_content":"","_et_gb_content_width":""},"product_brand":[],"product_cat":[74,64],"product_tag":[],"class_list":{"0":"post-234375","1":"product","2":"type-product","3":"status-publish","4":"has-post-thumbnail","6":"product_cat-bicicletas","7":"product_cat-bicicletas-infantiles","9":"first","10":"instock","11":"taxable","12":"shipping-taxable","13":"purchasable","14":"product-type-simple"},"_links":{"self":[{"href":"https:\/\/www.almacenflotablanca.com\/web\/wp-json\/wp\/v2\/product\/234375","targetHints":{"allow":["GET"]}}],"collection":[{"href":"https:\/\/www.almacenflotablanca.com\/web\/wp-json\/wp\/v2\/product"}],"about":[{"href":"https:\/\/www.almacenflotablanca.com\/web\/wp-json\/wp\/v2\/types\/product"}],"wp:featuredmedia":[{"embeddable":true,"href":"https:\/\/www.almacenflotablanca.com\/web\/wp-json\/wp\/v2\/media\/235489"}],"wp:attachment":[{"href":"https:\/\/www.almacenflotablanca.com\/web\/wp-json\/wp\/v2\/media?parent=234375"}],"wp:term":[{"taxonomy":"product_brand","embeddable":true,"href":"https:\/\/www.almacenflotablanca.com\/web\/wp-json\/wp\/v2\/product_brand?post=234375"},{"taxonomy":"product_cat","embeddable":true,"href":"https:\/\/www.almacenflotablanca.com\/web\/wp-json\/wp\/v2\/product_cat?post=234375"},{"taxonomy":"product_tag","embeddable":true,"href":"https:\/\/www.almacenflotablanca.com\/web\/wp-json\/wp\/v2\/product_tag?post=234375"}],"curies":[{"name":"wp","href":"https:\/\/api.w.org\/{rel}","templated":true}]}}