{"id":234394,"date":"2022-03-14T23:57:23","date_gmt":"2022-03-15T04:57:23","guid":{"rendered":"https:\/\/www.almacenflotablanca.com\/web\/producto\/bicicleta-rin-27-5-dama-iris-venzo-negra\/"},"modified":"2026-04-15T16:12:13","modified_gmt":"2026-04-15T21:12:13","slug":"bicicleta-rin-27-5-dama-iris-venzo-negra","status":"publish","type":"product","link":"https:\/\/www.almacenflotablanca.com\/web\/producto\/bicicleta-rin-27-5-dama-iris-venzo-negra\/","title":{"rendered":"Bicicleta Rin 27.5 Dama Iris Venzo Negra"},"content":{"rendered":"<p>Bicicleta Rin 27.5 Dama Iris Venzo Negra, Esta bicicleta cuenta con un marco en aluminio con cableado interno y una suspensi\u00f3n rstblaze con bloqueo al hombro, codo venzo 90mm, direcci\u00f3n venzo 750\u202fmm. Su  sistema de freno de disco hidr\u00e1ulico logan, las palancas sunrace de 3&#215;7 velocidades, relaci\u00f3n gw  en 24\/34\/42, pacha shimano megaranger 14\/34, descarrilador ltwoo tensor shimano turney, tambi\u00e9n incluye una manzana aluminio de 36 huecos, sus aros en aluminio aerodin\u00e1micos, las llantas chaoyang 27.5&#215;2.0 y unos pedales en aluminio de alta calidad.<\/p>\n<p>Adem\u00e1s, nuestras bicicletas proporcionan la resistencia que siempre has buscado en una bici, permiti\u00e9ndote recorrer cortas o largas distancias, As\u00ed que aprovecha esta oportunidad y ll\u00e9vate esta excelente bicicleta fabricada y ensamblada especialmente para ti.<\/p>\n","protected":false},"excerpt":{"rendered":"<ul>\n<li> &#8211; Marco: en aluminio  <\/li>\n<li> &#8211; Sistema de freno: disco hidr\u00e1ulico logan <\/li>\n<li> &#8211; Las llantas chaoyang 27.5&#215;2.0 <\/li>\n<li> &#8211; Pedales en aluminio de alta calidad <\/li>\n<li> &#8211; Color: negra con fucsia <\/li>\n<\/ul>\n","protected":false},"featured_media":234389,"template":"","meta":{"_et_pb_use_builder":"","_et_pb_old_content":"","_et_gb_content_width":""},"product_brand":[],"product_cat":[74,138],"product_tag":[],"class_list":{"0":"post-234394","1":"product","2":"type-product","3":"status-publish","4":"has-post-thumbnail","6":"product_cat-bicicletas","7":"product_cat-bicicletas-de-montana","9":"first","10":"outofstock","11":"taxable","12":"shipping-taxable","13":"purchasable","14":"product-type-simple"},"_links":{"self":[{"href":"https:\/\/www.almacenflotablanca.com\/web\/wp-json\/wp\/v2\/product\/234394","targetHints":{"allow":["GET"]}}],"collection":[{"href":"https:\/\/www.almacenflotablanca.com\/web\/wp-json\/wp\/v2\/product"}],"about":[{"href":"https:\/\/www.almacenflotablanca.com\/web\/wp-json\/wp\/v2\/types\/product"}],"wp:featuredmedia":[{"embeddable":true,"href":"https:\/\/www.almacenflotablanca.com\/web\/wp-json\/wp\/v2\/media\/234389"}],"wp:attachment":[{"href":"https:\/\/www.almacenflotablanca.com\/web\/wp-json\/wp\/v2\/media?parent=234394"}],"wp:term":[{"taxonomy":"product_brand","embeddable":true,"href":"https:\/\/www.almacenflotablanca.com\/web\/wp-json\/wp\/v2\/product_brand?post=234394"},{"taxonomy":"product_cat","embeddable":true,"href":"https:\/\/www.almacenflotablanca.com\/web\/wp-json\/wp\/v2\/product_cat?post=234394"},{"taxonomy":"product_tag","embeddable":true,"href":"https:\/\/www.almacenflotablanca.com\/web\/wp-json\/wp\/v2\/product_tag?post=234394"}],"curies":[{"name":"wp","href":"https:\/\/api.w.org\/{rel}","templated":true}]}}