{"id":234412,"date":"2022-03-15T20:51:28","date_gmt":"2022-03-16T01:51:28","guid":{"rendered":"https:\/\/www.almacenflotablanca.com\/web\/producto\/bicicleta-rin-27-5-aquila-8-vel-optimus-gris\/"},"modified":"2026-04-15T16:12:15","modified_gmt":"2026-04-15T21:12:15","slug":"bicicleta-rin-27-5-aquila-8-vel-optimus-gris","status":"publish","type":"product","link":"https:\/\/www.almacenflotablanca.com\/web\/producto\/bicicleta-rin-27-5-aquila-8-vel-optimus-gris\/","title":{"rendered":"Bicicleta rin 27.5 Aquila 8 Vel Optimus Gris"},"content":{"rendered":"<p>Bicicleta rin 27.5 Aquila 8 Vel Optimus Gris, Esta bicicleta viene con un marco en aluminio con cableado interno, una suspensi\u00f3n optimus aquila con bloqueo al hombro, tambi\u00e9n viene conformada con un codo optimus aquila, direcci\u00f3n optimus aquila de 780\u202fmm. Cuenta con un sistema de freno de disco hidr\u00e1ulico, palancas shimano de 2&#215;8 velocidades, una relaci\u00f3n optimus aquila 22\/36, coronillas en acero, bielas en alumino 170\u202fmm y una pacha 11\/36 de cassettera, su descarrilador shimano altus tensor shimano turney tx y una manzana en aluminio de 32 huecos, los aros optimus aquila en aluminioo, sus llantas kenda 27.5&#215;2.10 y unos pedales en alumino.<\/p>\n<p>Nuestras bicicletas cuentan con componentes de excelente calidad, los cuales te brindaran la confianza y seguridad que necesitas, Mu\u00e9vete por donde quieras, por nuestras hermosas monta\u00f1as o por la ciudad, usa tu bicicleta para disfrutar de un d\u00eda de paseo por zonas rurales o para que vayas a tu trabajo, estudio o para que simplemente te diviertas.<\/p>\n","protected":false},"excerpt":{"rendered":"<ul>\n<li> &#8211; Marco: Aluminio <\/li>\n<li> &#8211; Sistema de freno: de disco hidr\u00e1ulico <\/li>\n<li> &#8211; Llantas kenda 27.5&#215;2.10 <\/li>\n<li> &#8211; Uso: Hogar, Institucional <\/li>\n<li> &#8211; Color: Gris con verde <\/li>\n<\/ul>\n","protected":false},"featured_media":234407,"template":"","meta":{"_et_pb_use_builder":"","_et_pb_old_content":"","_et_gb_content_width":""},"product_brand":[],"product_cat":[74,138],"product_tag":[],"class_list":{"0":"post-234412","1":"product","2":"type-product","3":"status-publish","4":"has-post-thumbnail","6":"product_cat-bicicletas","7":"product_cat-bicicletas-de-montana","9":"first","10":"outofstock","11":"taxable","12":"shipping-taxable","13":"purchasable","14":"product-type-simple"},"_links":{"self":[{"href":"https:\/\/www.almacenflotablanca.com\/web\/wp-json\/wp\/v2\/product\/234412","targetHints":{"allow":["GET"]}}],"collection":[{"href":"https:\/\/www.almacenflotablanca.com\/web\/wp-json\/wp\/v2\/product"}],"about":[{"href":"https:\/\/www.almacenflotablanca.com\/web\/wp-json\/wp\/v2\/types\/product"}],"wp:featuredmedia":[{"embeddable":true,"href":"https:\/\/www.almacenflotablanca.com\/web\/wp-json\/wp\/v2\/media\/234407"}],"wp:attachment":[{"href":"https:\/\/www.almacenflotablanca.com\/web\/wp-json\/wp\/v2\/media?parent=234412"}],"wp:term":[{"taxonomy":"product_brand","embeddable":true,"href":"https:\/\/www.almacenflotablanca.com\/web\/wp-json\/wp\/v2\/product_brand?post=234412"},{"taxonomy":"product_cat","embeddable":true,"href":"https:\/\/www.almacenflotablanca.com\/web\/wp-json\/wp\/v2\/product_cat?post=234412"},{"taxonomy":"product_tag","embeddable":true,"href":"https:\/\/www.almacenflotablanca.com\/web\/wp-json\/wp\/v2\/product_tag?post=234412"}],"curies":[{"name":"wp","href":"https:\/\/api.w.org\/{rel}","templated":true}]}}