{"id":234417,"date":"2022-03-15T21:51:28","date_gmt":"2022-03-16T02:51:28","guid":{"rendered":"https:\/\/www.almacenflotablanca.com\/web\/producto\/bicicleta-rin-26-hawk-gw-negra\/"},"modified":"2026-04-15T16:12:13","modified_gmt":"2026-04-15T21:12:13","slug":"bicicleta-rin-26-hawk-gw-negra","status":"publish","type":"product","link":"https:\/\/www.almacenflotablanca.com\/web\/producto\/bicicleta-rin-26-hawk-gw-negra\/","title":{"rendered":"Bicicleta Rin 26 Hawk Gw Negra"},"content":{"rendered":"<p>Bicicleta Rin 26 Hawk Gw Negra, Esta bicicleta viene con un marco en aluminio gw hawk, frente c\u00f3nico, la suspensi\u00f3n gw 1.3 con bloqueo al hombro codo gw, direcci\u00f3n ge de 710\u202fmm su sistema de freno de disco mec\u00e1nico,  tambi\u00e9n incluyen palancas shimano de 3&#215;7 velocidades, la relaci\u00f3n shimano 24\/34\/42 coronillas en acero, bielas en aluminio 170\u202fmm. Pacha shimano megaranger 14\/34 de rosca, un descarrilador shimano turney tensor shiamno turney, manzana en aluminio de 36 huecos, viene con unos aros gw-30 en aluminio, llantas chaoyang 26&#215;1.95, y pedales en resina.<\/p>\n<p>Adem\u00e1s, nuestras bicicletas proporcionan la resistencia que siempre has buscado en una bici, permiti\u00e9ndote recorrer cortas o largas distancias, As\u00ed que aprovecha esta oportunidad y ll\u00e9vate esta excelente bicicleta fabricada y ensamblada especialmente para ti.<\/p>\n","protected":false},"excerpt":{"rendered":"<ul>\n<li> &#8211; Marco: Aluminio <\/li>\n<li> &#8211; Sistema de freno: de disco mec\u00e1nico <\/li>\n<li> &#8211; Llantas: chaoyang 26&#215;1.95 <\/li>\n<li> &#8211; Uso: dom\u00e9stico <\/li>\n<li> &#8211; Color: Negro con rojo <\/li>\n<\/ul>\n","protected":false},"featured_media":234413,"template":"","meta":{"_et_pb_use_builder":"","_et_pb_old_content":"","_et_gb_content_width":""},"product_brand":[],"product_cat":[74,138],"product_tag":[],"class_list":{"0":"post-234417","1":"product","2":"type-product","3":"status-publish","4":"has-post-thumbnail","6":"product_cat-bicicletas","7":"product_cat-bicicletas-de-montana","9":"first","10":"outofstock","11":"taxable","12":"shipping-taxable","13":"purchasable","14":"product-type-simple"},"_links":{"self":[{"href":"https:\/\/www.almacenflotablanca.com\/web\/wp-json\/wp\/v2\/product\/234417","targetHints":{"allow":["GET"]}}],"collection":[{"href":"https:\/\/www.almacenflotablanca.com\/web\/wp-json\/wp\/v2\/product"}],"about":[{"href":"https:\/\/www.almacenflotablanca.com\/web\/wp-json\/wp\/v2\/types\/product"}],"wp:featuredmedia":[{"embeddable":true,"href":"https:\/\/www.almacenflotablanca.com\/web\/wp-json\/wp\/v2\/media\/234413"}],"wp:attachment":[{"href":"https:\/\/www.almacenflotablanca.com\/web\/wp-json\/wp\/v2\/media?parent=234417"}],"wp:term":[{"taxonomy":"product_brand","embeddable":true,"href":"https:\/\/www.almacenflotablanca.com\/web\/wp-json\/wp\/v2\/product_brand?post=234417"},{"taxonomy":"product_cat","embeddable":true,"href":"https:\/\/www.almacenflotablanca.com\/web\/wp-json\/wp\/v2\/product_cat?post=234417"},{"taxonomy":"product_tag","embeddable":true,"href":"https:\/\/www.almacenflotablanca.com\/web\/wp-json\/wp\/v2\/product_tag?post=234417"}],"curies":[{"name":"wp","href":"https:\/\/api.w.org\/{rel}","templated":true}]}}