{"id":234425,"date":"2022-03-18T19:06:40","date_gmt":"2022-03-19T00:06:40","guid":{"rendered":"https:\/\/www.almacenflotablanca.com\/web\/producto\/bicicleta-ruta-700-gavia-8-vel-gw-negra\/"},"modified":"2026-04-15T16:12:13","modified_gmt":"2026-04-15T21:12:13","slug":"bicicleta-ruta-700-gavia-8-vel-gw-negra","status":"publish","type":"product","link":"https:\/\/www.almacenflotablanca.com\/web\/producto\/bicicleta-ruta-700-gavia-8-vel-gw-negra\/","title":{"rendered":"Bicicleta Ruta 700 Gavia 8 Vel Gw Negra"},"content":{"rendered":"<p>Bicicleta Ruta 700 Gavia 8 Vel Gw Negra, la bicicleta gw gavia con grupo shimano claris de 8 vel, cuenta con un marco en aluminio con cableado interno, un tenedor gw gavia en aluminio de alta calidad.Ademas de eso viene con un codo en aluminio, direcci\u00f3n gw mater en aluminio y herraduras gw claris,  con esta bicicleta incluyen unos manilares ergopower shimano claris de 2&#215;8 velocidades, relaci\u00f3n shimano claris 50\/34, bielas 170, movimiento central compacto, pacha shimano claris 8vel de cassette y descarrilador shimano claris tensor shimano claris, una manzana shimano de 36 huecos, aros gw r21 y unas llantas maxxis dolomites 700x23c.<\/p>\n<p>Nuestras bicicletas cuentan con componentes de excelente calidad, los cuales te brindaran la confianza y seguridad que necesitas, Mu\u00e9vete por donde quieras, por nuestras hermosas monta\u00f1as o por la ciudad, usa tu bicicleta para disfrutar de un d\u00eda de paseo por zonas rurales o para que vayas a tu trabajo, estudio o para que simplemente te diviertas.<\/p>\n","protected":false},"excerpt":{"rendered":"<ul>\n<li> &#8211; Marco: Aluminio <\/li>\n<li> &#8211; Sistema de freno: de disco mec\u00e1nico <\/li>\n<li> &#8211; Llantas: maxxis dolomites 700X23c <\/li>\n<li> &#8211; Uso: dom\u00e9stico <\/li>\n<li> &#8211; Color: Negro con gris <\/li>\n<\/ul>\n","protected":false},"featured_media":234419,"template":"","meta":{"_et_pb_use_builder":"","_et_pb_old_content":"","_et_gb_content_width":""},"product_brand":[],"product_cat":[74,117],"product_tag":[],"class_list":{"0":"post-234425","1":"product","2":"type-product","3":"status-publish","4":"has-post-thumbnail","6":"product_cat-bicicletas","7":"product_cat-bicicletas-de-ruta","9":"first","10":"outofstock","11":"taxable","12":"shipping-taxable","13":"purchasable","14":"product-type-simple"},"_links":{"self":[{"href":"https:\/\/www.almacenflotablanca.com\/web\/wp-json\/wp\/v2\/product\/234425","targetHints":{"allow":["GET"]}}],"collection":[{"href":"https:\/\/www.almacenflotablanca.com\/web\/wp-json\/wp\/v2\/product"}],"about":[{"href":"https:\/\/www.almacenflotablanca.com\/web\/wp-json\/wp\/v2\/types\/product"}],"wp:featuredmedia":[{"embeddable":true,"href":"https:\/\/www.almacenflotablanca.com\/web\/wp-json\/wp\/v2\/media\/234419"}],"wp:attachment":[{"href":"https:\/\/www.almacenflotablanca.com\/web\/wp-json\/wp\/v2\/media?parent=234425"}],"wp:term":[{"taxonomy":"product_brand","embeddable":true,"href":"https:\/\/www.almacenflotablanca.com\/web\/wp-json\/wp\/v2\/product_brand?post=234425"},{"taxonomy":"product_cat","embeddable":true,"href":"https:\/\/www.almacenflotablanca.com\/web\/wp-json\/wp\/v2\/product_cat?post=234425"},{"taxonomy":"product_tag","embeddable":true,"href":"https:\/\/www.almacenflotablanca.com\/web\/wp-json\/wp\/v2\/product_tag?post=234425"}],"curies":[{"name":"wp","href":"https:\/\/api.w.org\/{rel}","templated":true}]}}