{"id":234461,"date":"2022-03-19T11:57:21","date_gmt":"2022-03-19T16:57:21","guid":{"rendered":"https:\/\/www.almacenflotablanca.com\/web\/producto\/bicicleta-rin-26-dama-sprint-negra\/"},"modified":"2026-04-15T16:12:17","modified_gmt":"2026-04-15T21:12:17","slug":"bicicleta-rin-26-dama-sprint-negra","status":"publish","type":"product","link":"https:\/\/www.almacenflotablanca.com\/web\/producto\/bicicleta-rin-26-dama-sprint-negra\/","title":{"rendered":"Bicicleta Rin 26 Dama Sprint Negra"},"content":{"rendered":"<p>Bicicleta Rin 26 Dama Sprint Negra, esta bicicleta viene con un marco en acero de alta calidad, tenedor r\u00edgido, un codo gw en aluminio, direcci\u00f3n en acero, su sistema de freno v-brake en aluminio de muy buena calidad para la bicicleta, palancas de recorrido en resina de 6 velocidades, relaci\u00f3n en resina 24\/34\/42, pacha 14\/28 de rosca. Descarrilador flip, tensor flip, manzana en acero de 36 huecos, los aros en aluminio natural, llantas flip 26&#215;2.125 y unos pedales en resina de excelente calidad.<\/p>\n<p>Nuestras bicicletas cuentan con componentes de excelente calidad, los cuales te brindaran la confianza y seguridad que necesitas, Mu\u00e9vete por donde quieras, por nuestras hermosas monta\u00f1as o por la ciudad, usa tu bicicleta para disfrutar de un d\u00eda de paseo por zonas rurales o para que vayas a tu trabajo, estudio o para que simplemente te diviertas.<\/p>\n","protected":false},"excerpt":{"rendered":"<ul>\n<li> &#8211; Marco: Acero  <\/li>\n<li> &#8211; Freno: v-brake  <\/li>\n<li> &#8211; Pedales en resina <\/li>\n<li> &#8211; Colores: morado, fucsia, negro con fucsia, morado con fucsia, morado con negro <\/li>\n<li> &#8211; Edad apropiada: desde los 14 a\u00f1os en adelante <\/li>\n<\/ul>\n","protected":false},"featured_media":234453,"template":"","meta":{"_et_pb_use_builder":"","_et_pb_old_content":"","_et_gb_content_width":""},"product_brand":[],"product_cat":[74,64],"product_tag":[],"class_list":{"0":"post-234461","1":"product","2":"type-product","3":"status-publish","4":"has-post-thumbnail","6":"product_cat-bicicletas","7":"product_cat-bicicletas-infantiles","9":"first","10":"instock","11":"taxable","12":"shipping-taxable","13":"purchasable","14":"product-type-simple"},"_links":{"self":[{"href":"https:\/\/www.almacenflotablanca.com\/web\/wp-json\/wp\/v2\/product\/234461","targetHints":{"allow":["GET"]}}],"collection":[{"href":"https:\/\/www.almacenflotablanca.com\/web\/wp-json\/wp\/v2\/product"}],"about":[{"href":"https:\/\/www.almacenflotablanca.com\/web\/wp-json\/wp\/v2\/types\/product"}],"wp:featuredmedia":[{"embeddable":true,"href":"https:\/\/www.almacenflotablanca.com\/web\/wp-json\/wp\/v2\/media\/234453"}],"wp:attachment":[{"href":"https:\/\/www.almacenflotablanca.com\/web\/wp-json\/wp\/v2\/media?parent=234461"}],"wp:term":[{"taxonomy":"product_brand","embeddable":true,"href":"https:\/\/www.almacenflotablanca.com\/web\/wp-json\/wp\/v2\/product_brand?post=234461"},{"taxonomy":"product_cat","embeddable":true,"href":"https:\/\/www.almacenflotablanca.com\/web\/wp-json\/wp\/v2\/product_cat?post=234461"},{"taxonomy":"product_tag","embeddable":true,"href":"https:\/\/www.almacenflotablanca.com\/web\/wp-json\/wp\/v2\/product_tag?post=234461"}],"curies":[{"name":"wp","href":"https:\/\/api.w.org\/{rel}","templated":true}]}}