{"id":234475,"date":"2022-03-21T15:54:25","date_gmt":"2022-03-21T20:54:25","guid":{"rendered":"https:\/\/www.almacenflotablanca.com\/web\/producto\/bicicleta-rin-24-sencilla-sprint-negra\/"},"modified":"2026-04-15T16:12:06","modified_gmt":"2026-04-15T21:12:06","slug":"bicicleta-rin-24-sencilla-sprint-negra","status":"publish","type":"product","link":"https:\/\/www.almacenflotablanca.com\/web\/producto\/bicicleta-rin-24-sencilla-sprint-negra\/","title":{"rendered":"Bicicleta Rin 24 Sencilla Sprint Negra"},"content":{"rendered":"<p>Bicicleta Rin 24 Sencilla Sprint Negra, esta incre\u00edble bicicleta viene con un  marco en acero, tenedor en acero, un codo y direcci\u00f3n en acero, el sistema de freno v-brake en resina de alta calidad, sus palancas milenium de recorrido de 6 velocidades, relaci\u00f3n en resina 24\/34\/42, pacha de rosca 14\/28. Un descarrilador flip, tensor flip y una manzana en acero de 36 huecos, aros en aluminio color natural, llantas flip 24&#215;2.125 y sus pedales en resina de muy buena calidad.<\/p>\n<p>Nuestras bicicletas cuentan con componentes de excelente calidad, los cuales te brindaran la confianza y seguridad que necesitas, Mu\u00e9vete por donde quieras, por nuestras hermosas monta\u00f1as o por la ciudad, usa tu bicicleta para disfrutar de un d\u00eda de paseo por zonas rurales o para que vayas a tu trabajo, estudio o para que simplemente te diviertas.<\/p>\n","protected":false},"excerpt":{"rendered":"<ul>\n<li> &#8211; Marco: Acero  <\/li>\n<li> &#8211; Freno: v-brake  <\/li>\n<li> &#8211; Pedales en resina <\/li>\n<li> &#8211; Colores: negro con amarillo lim\u00f3n <\/li>\n<li> &#8211; Edad apropiada: desde los 10 a\u00f1os en adelante <\/li>\n<\/ul>\n","protected":false},"featured_media":234471,"template":"","meta":{"_et_pb_use_builder":"","_et_pb_old_content":"","_et_gb_content_width":""},"product_brand":[],"product_cat":[74,64],"product_tag":[],"class_list":{"0":"post-234475","1":"product","2":"type-product","3":"status-publish","4":"has-post-thumbnail","6":"product_cat-bicicletas","7":"product_cat-bicicletas-infantiles","9":"first","10":"instock","11":"taxable","12":"shipping-taxable","13":"purchasable","14":"product-type-simple"},"_links":{"self":[{"href":"https:\/\/www.almacenflotablanca.com\/web\/wp-json\/wp\/v2\/product\/234475","targetHints":{"allow":["GET"]}}],"collection":[{"href":"https:\/\/www.almacenflotablanca.com\/web\/wp-json\/wp\/v2\/product"}],"about":[{"href":"https:\/\/www.almacenflotablanca.com\/web\/wp-json\/wp\/v2\/types\/product"}],"wp:featuredmedia":[{"embeddable":true,"href":"https:\/\/www.almacenflotablanca.com\/web\/wp-json\/wp\/v2\/media\/234471"}],"wp:attachment":[{"href":"https:\/\/www.almacenflotablanca.com\/web\/wp-json\/wp\/v2\/media?parent=234475"}],"wp:term":[{"taxonomy":"product_brand","embeddable":true,"href":"https:\/\/www.almacenflotablanca.com\/web\/wp-json\/wp\/v2\/product_brand?post=234475"},{"taxonomy":"product_cat","embeddable":true,"href":"https:\/\/www.almacenflotablanca.com\/web\/wp-json\/wp\/v2\/product_cat?post=234475"},{"taxonomy":"product_tag","embeddable":true,"href":"https:\/\/www.almacenflotablanca.com\/web\/wp-json\/wp\/v2\/product_tag?post=234475"}],"curies":[{"name":"wp","href":"https:\/\/api.w.org\/{rel}","templated":true}]}}