{"id":234490,"date":"2022-03-25T23:03:30","date_gmt":"2022-03-26T04:03:30","guid":{"rendered":"https:\/\/www.almacenflotablanca.com\/web\/producto\/bicicleta-rin-20-mtb-con-cambios-sprint-negra\/"},"modified":"2026-04-15T16:12:17","modified_gmt":"2026-04-15T21:12:17","slug":"bicicleta-rin-20-mtb-con-cambios-sprint-negra","status":"publish","type":"product","link":"https:\/\/www.almacenflotablanca.com\/web\/producto\/bicicleta-rin-20-mtb-con-cambios-sprint-negra\/","title":{"rendered":"Bicicleta Rin 20 Mtb Con Cambios Sprint Negra"},"content":{"rendered":"<p>Bicicleta Rin 20 Mtb Con Cambios Sprint Negra, esta bicicleta cuenta con un marco en acero de alta calidad, tenedor r\u00edgido en acero, un codo y direcci\u00f3n en acero, el sistema de freno de esta bicicleta V-brake en resina, sus palancas milenium en resina de 6 velocidades. Relaci\u00f3n en resina 24\/34\/42, pacha 14\/28 de rosca con ella incluye un  descarrilador y un tensor milenium, manzana en acero de 36 huecos. Aros aluminio color natural, llantas kylin 20&#215;2.125 y sus pedales en resina.<\/p>\n<p>Nuestras bicicletas cuentan con componentes de excelente calidad, los cuales te brindaran la confianza y seguridad que necesitas, Mu\u00e9vete por donde quieras, por nuestras hermosas monta\u00f1as o por la ciudad, usa tu bicicleta para disfrutar de un d\u00eda de paseo por zonas rurales o para que vayas a tu trabajo, estudio o para que simplemente te diviertas.<\/p>\n","protected":false},"excerpt":{"rendered":"<ul>\n<li> &#8211; Marco: Acero  <\/li>\n<li> &#8211; Freno: v-brake  <\/li>\n<li> &#8211; Pedales en resina <\/li>\n<li> &#8211; Colores: negro con rojo, negro con naranja, negro con azul <\/li>\n<li> &#8211; Edad apropiada: desde los 7 a\u00f1os en adelante <\/li>\n<\/ul>\n","protected":false},"featured_media":234484,"template":"","meta":{"_et_pb_use_builder":"","_et_pb_old_content":"","_et_gb_content_width":""},"product_brand":[],"product_cat":[74,64],"product_tag":[],"class_list":{"0":"post-234490","1":"product","2":"type-product","3":"status-publish","4":"has-post-thumbnail","6":"product_cat-bicicletas","7":"product_cat-bicicletas-infantiles","9":"first","10":"instock","11":"taxable","12":"shipping-taxable","13":"purchasable","14":"product-type-simple"},"_links":{"self":[{"href":"https:\/\/www.almacenflotablanca.com\/web\/wp-json\/wp\/v2\/product\/234490","targetHints":{"allow":["GET"]}}],"collection":[{"href":"https:\/\/www.almacenflotablanca.com\/web\/wp-json\/wp\/v2\/product"}],"about":[{"href":"https:\/\/www.almacenflotablanca.com\/web\/wp-json\/wp\/v2\/types\/product"}],"wp:featuredmedia":[{"embeddable":true,"href":"https:\/\/www.almacenflotablanca.com\/web\/wp-json\/wp\/v2\/media\/234484"}],"wp:attachment":[{"href":"https:\/\/www.almacenflotablanca.com\/web\/wp-json\/wp\/v2\/media?parent=234490"}],"wp:term":[{"taxonomy":"product_brand","embeddable":true,"href":"https:\/\/www.almacenflotablanca.com\/web\/wp-json\/wp\/v2\/product_brand?post=234490"},{"taxonomy":"product_cat","embeddable":true,"href":"https:\/\/www.almacenflotablanca.com\/web\/wp-json\/wp\/v2\/product_cat?post=234490"},{"taxonomy":"product_tag","embeddable":true,"href":"https:\/\/www.almacenflotablanca.com\/web\/wp-json\/wp\/v2\/product_tag?post=234490"}],"curies":[{"name":"wp","href":"https:\/\/api.w.org\/{rel}","templated":true}]}}