{"id":234510,"date":"2022-03-26T19:15:29","date_gmt":"2022-03-27T00:15:29","guid":{"rendered":"https:\/\/www.almacenflotablanca.com\/web\/producto\/bicicleta-rin-20-bmx-junior-on-trail\/"},"modified":"2026-04-15T16:11:32","modified_gmt":"2026-04-15T21:11:32","slug":"bicicleta-rin-20-bmx-junior-on-trail","status":"publish","type":"product","link":"https:\/\/www.almacenflotablanca.com\/web\/producto\/bicicleta-rin-20-bmx-junior-on-trail\/","title":{"rendered":"Bicicleta Rin 20 Bmx Junior On Trail"},"content":{"rendered":"<p>Bicicleta Rin 20 Bmx Junior On Trail, la bicicleta bmx cuenta con un marco en aluminio ontrail school junior gold, SU tenedor en aluminio ontrail school junior gold , codo y direcci\u00f3n ontrail school junior gold, EL sistema de freno de disco hidr\u00e1ulico trasero ontrail de alta clidad, sus mangos ontrail, la relaci\u00f3n ontrail school 36t, coronilla intercambiable en acero, bielas en aluminio 150, su pi\u00f1on ontrail 16t cromado, manzana shunfeng en aluminio de 36 huecos, los aros ontrail school 20&#215;1 1\/8, llantas tioga power blok 20&#215;1 1\/8 y sus  pedales en aluminio.<\/p>\n<p>Adem\u00e1s, nuestras bicicletas proporcionan la resistencia que siempre has buscado en una bici, permiti\u00e9ndote recorrer cortas o largas distancias, As\u00ed que aprovecha esta oportunidad y ll\u00e9vate esta excelente bicicleta fabricada y ensamblada especialmente para ti.<\/p>\n","protected":false},"excerpt":{"rendered":"<ul>\n<li> &#8211; Marco: Aluminio <\/li>\n<li> &#8211; Sistema de freno: Hidr\u00e1ulico <\/li>\n<li> &#8211; Llantas: tioga power blok 20&#215;1 1\/8 <\/li>\n<li> &#8211; Edad apropiada: desde los 7 a\u00f1os en adelante <\/li>\n<li> &#8211; Colores: blanco con negro y rojo <\/li>\n<\/ul>\n","protected":false},"featured_media":234503,"template":"","meta":{"_et_pb_use_builder":"","_et_pb_old_content":"","_et_gb_content_width":""},"product_brand":[],"product_cat":[74,170],"product_tag":[],"class_list":{"0":"post-234510","1":"product","2":"type-product","3":"status-publish","4":"has-post-thumbnail","6":"product_cat-bicicletas","7":"product_cat-bicicletas-de-bmx","9":"first","10":"outofstock","11":"taxable","12":"shipping-taxable","13":"purchasable","14":"product-type-simple"},"_links":{"self":[{"href":"https:\/\/www.almacenflotablanca.com\/web\/wp-json\/wp\/v2\/product\/234510","targetHints":{"allow":["GET"]}}],"collection":[{"href":"https:\/\/www.almacenflotablanca.com\/web\/wp-json\/wp\/v2\/product"}],"about":[{"href":"https:\/\/www.almacenflotablanca.com\/web\/wp-json\/wp\/v2\/types\/product"}],"wp:featuredmedia":[{"embeddable":true,"href":"https:\/\/www.almacenflotablanca.com\/web\/wp-json\/wp\/v2\/media\/234503"}],"wp:attachment":[{"href":"https:\/\/www.almacenflotablanca.com\/web\/wp-json\/wp\/v2\/media?parent=234510"}],"wp:term":[{"taxonomy":"product_brand","embeddable":true,"href":"https:\/\/www.almacenflotablanca.com\/web\/wp-json\/wp\/v2\/product_brand?post=234510"},{"taxonomy":"product_cat","embeddable":true,"href":"https:\/\/www.almacenflotablanca.com\/web\/wp-json\/wp\/v2\/product_cat?post=234510"},{"taxonomy":"product_tag","embeddable":true,"href":"https:\/\/www.almacenflotablanca.com\/web\/wp-json\/wp\/v2\/product_tag?post=234510"}],"curies":[{"name":"wp","href":"https:\/\/api.w.org\/{rel}","templated":true}]}}