{"id":234520,"date":"2022-03-31T15:03:38","date_gmt":"2022-03-31T20:03:38","guid":{"rendered":"https:\/\/www.almacenflotablanca.com\/web\/producto\/bicicleta-rin-20-bmx-competition-gw-naranja\/"},"modified":"2026-04-15T16:10:47","modified_gmt":"2026-04-15T21:10:47","slug":"bicicleta-rin-20-bmx-competition-gw-naranja","status":"publish","type":"product","link":"https:\/\/www.almacenflotablanca.com\/web\/producto\/bicicleta-rin-20-bmx-competition-gw-naranja\/","title":{"rendered":"Bicicleta Rin 20 Bmx Competition Gw Naranja"},"content":{"rendered":"<p>Bicicleta Rin 20 Bmx Competition Gw Naranja, cuenta con un marco en aluminio gw bmx elite pro xs, frente c\u00f3nico, tenedor gw en aluminio, espigo a presi\u00f3n, su codo gw en aluminio, direcci\u00f3n gw en acero el sistema de freno trasero tektro v-brake en aluminio de alta calidad, relaci\u00f3n gw en aluminio 43t, bielas de seguridad un pi\u00f1\u00f3n gw cromado 16t, manzana gw en aluminio con balinera sellada de 36 huecos. Aros gw pro 20&#215;1.50, llantas chaoyang speed devil 20&#215;1.60, pedales en aluminio.<\/p>\n<p>Adem\u00e1s, nuestras bicicletas proporcionan la resistencia que siempre has buscado en una bici, permiti\u00e9ndote recorrer cortas o largas distancias, As\u00ed que aprovecha esta oportunidad y ll\u00e9vate esta excelente bicicleta fabricada y ensamblada especialmente para ti.<\/p>\n","protected":false},"excerpt":{"rendered":"<ul>\n<li> &#8211; Marco: Aluminio <\/li>\n<li> &#8211; Sistema de freno:  v-brake  <\/li>\n<li> &#8211; Llantas: chaoyang speed devil 20&#215;1.60 <\/li>\n<li> &#8211; Edad apropiada: desde los 7 a\u00f1os en adelante <\/li>\n<li> &#8211; Color: Naranja <\/li>\n<\/ul>\n","protected":false},"featured_media":234512,"template":"","meta":{"_et_pb_use_builder":"","_et_pb_old_content":"","_et_gb_content_width":""},"product_brand":[],"product_cat":[74,170],"product_tag":[],"class_list":{"0":"post-234520","1":"product","2":"type-product","3":"status-publish","4":"has-post-thumbnail","6":"product_cat-bicicletas","7":"product_cat-bicicletas-de-bmx","9":"first","10":"outofstock","11":"taxable","12":"shipping-taxable","13":"purchasable","14":"product-type-simple"},"_links":{"self":[{"href":"https:\/\/www.almacenflotablanca.com\/web\/wp-json\/wp\/v2\/product\/234520","targetHints":{"allow":["GET"]}}],"collection":[{"href":"https:\/\/www.almacenflotablanca.com\/web\/wp-json\/wp\/v2\/product"}],"about":[{"href":"https:\/\/www.almacenflotablanca.com\/web\/wp-json\/wp\/v2\/types\/product"}],"wp:featuredmedia":[{"embeddable":true,"href":"https:\/\/www.almacenflotablanca.com\/web\/wp-json\/wp\/v2\/media\/234512"}],"wp:attachment":[{"href":"https:\/\/www.almacenflotablanca.com\/web\/wp-json\/wp\/v2\/media?parent=234520"}],"wp:term":[{"taxonomy":"product_brand","embeddable":true,"href":"https:\/\/www.almacenflotablanca.com\/web\/wp-json\/wp\/v2\/product_brand?post=234520"},{"taxonomy":"product_cat","embeddable":true,"href":"https:\/\/www.almacenflotablanca.com\/web\/wp-json\/wp\/v2\/product_cat?post=234520"},{"taxonomy":"product_tag","embeddable":true,"href":"https:\/\/www.almacenflotablanca.com\/web\/wp-json\/wp\/v2\/product_tag?post=234520"}],"curies":[{"name":"wp","href":"https:\/\/api.w.org\/{rel}","templated":true}]}}