{"id":234539,"date":"2022-03-31T19:06:46","date_gmt":"2022-04-01T00:06:46","guid":{"rendered":"https:\/\/www.almacenflotablanca.com\/web\/producto\/bicicleta-rin-20-lancer-gw-negra\/"},"modified":"2026-04-15T16:12:18","modified_gmt":"2026-04-15T21:12:18","slug":"bicicleta-rin-20-lancer-gw-negra","status":"publish","type":"product","link":"https:\/\/www.almacenflotablanca.com\/web\/producto\/bicicleta-rin-20-lancer-gw-negra\/","title":{"rendered":"Bicicleta Rin 20 Lancer Gw Negra"},"content":{"rendered":"<p>Bicicleta Rin 20 Lancer Gw Negra, esta bicicleta cuenta con un marco en acero con caja ancha, tenedor gw lancer en acero con espigo de expresi\u00f3n, su codo bmx en acero, la direcci\u00f3n bmx en acero, viene con un sistema de freno de disco de alta calidad, manilares y mordazas en aluminio, relaci\u00f3n compact gw en acero 36t, su pi\u00f1\u00f3n marr\u00f3n 16t, manzana en acero de 36 huecos los aros en aluminio color natural, llantas chaoyang 20&#215;2.125 y sus pedales en resina.<\/p>\n<p>Adem\u00e1s, nuestras bicicletas proporcionan la resistencia que siempre has buscado en una bici, permiti\u00e9ndote recorrer cortas o largas distancias, As\u00ed que aprovecha esta oportunidad y ll\u00e9vate esta excelente bicicleta fabricada y ensamblada especialmente para ti.<\/p>\n","protected":false},"excerpt":{"rendered":"<ul>\n<li> &#8211; Marco: Acero  <\/li>\n<li> &#8211; Freno de disco <\/li>\n<li> &#8211; Pedales en resina Gw <\/li>\n<li> &#8211; Colores: negro, negro con rojo <\/li>\n<li> &#8211; Edad apropiada: desde los 7 a\u00f1os en adelante <\/li>\n<\/ul>\n","protected":false},"featured_media":234534,"template":"","meta":{"_et_pb_use_builder":"","_et_pb_old_content":"","_et_gb_content_width":""},"product_brand":[],"product_cat":[74,64],"product_tag":[],"class_list":{"0":"post-234539","1":"product","2":"type-product","3":"status-publish","4":"has-post-thumbnail","6":"product_cat-bicicletas","7":"product_cat-bicicletas-infantiles","9":"first","10":"outofstock","11":"taxable","12":"shipping-taxable","13":"purchasable","14":"product-type-simple"},"_links":{"self":[{"href":"https:\/\/www.almacenflotablanca.com\/web\/wp-json\/wp\/v2\/product\/234539","targetHints":{"allow":["GET"]}}],"collection":[{"href":"https:\/\/www.almacenflotablanca.com\/web\/wp-json\/wp\/v2\/product"}],"about":[{"href":"https:\/\/www.almacenflotablanca.com\/web\/wp-json\/wp\/v2\/types\/product"}],"wp:featuredmedia":[{"embeddable":true,"href":"https:\/\/www.almacenflotablanca.com\/web\/wp-json\/wp\/v2\/media\/234534"}],"wp:attachment":[{"href":"https:\/\/www.almacenflotablanca.com\/web\/wp-json\/wp\/v2\/media?parent=234539"}],"wp:term":[{"taxonomy":"product_brand","embeddable":true,"href":"https:\/\/www.almacenflotablanca.com\/web\/wp-json\/wp\/v2\/product_brand?post=234539"},{"taxonomy":"product_cat","embeddable":true,"href":"https:\/\/www.almacenflotablanca.com\/web\/wp-json\/wp\/v2\/product_cat?post=234539"},{"taxonomy":"product_tag","embeddable":true,"href":"https:\/\/www.almacenflotablanca.com\/web\/wp-json\/wp\/v2\/product_tag?post=234539"}],"curies":[{"name":"wp","href":"https:\/\/api.w.org\/{rel}","templated":true}]}}