{"id":234560,"date":"2022-04-01T16:22:28","date_gmt":"2022-04-01T21:22:28","guid":{"rendered":"https:\/\/www.almacenflotablanca.com\/web\/producto\/bicicleta-rin-20-nina-playera-on-trail-rosada\/"},"modified":"2026-04-15T16:11:22","modified_gmt":"2026-04-15T21:11:22","slug":"bicicleta-rin-20-nina-playera-on-trail-rosada","status":"publish","type":"product","link":"https:\/\/www.almacenflotablanca.com\/web\/producto\/bicicleta-rin-20-nina-playera-on-trail-rosada\/","title":{"rendered":"Bicicleta Rin 20 Ni\u00f1a Playera On Trail Rosada"},"content":{"rendered":"<p>Bicicleta Rin 20 Ni\u00f1a Playera On Trail Rosada, esta bicicleta infantil cuenta con un marco en acero tipo playero con caja peque\u00f1a, tenedor en acero con espigo de rosca, codo en acero, direcci\u00f3n en acero cromada tipo playera, mangos de color, canasta met\u00e1lica, su sistema de freno v-brake en resina de muy buena calidad, relaci\u00f3n en acero 36t, eje de cuadrante, guardacadena, pi\u00f1\u00f3n marr\u00f3n 16t, una manzana en acero de 36 huecos, paral en el eje trasero, aros en aluminio color natural, llantas wanda king 20&#215;1.95, guardabarros delantero y trasero, sus pedales en resina Gw.<\/p>\n<p>Adem\u00e1s, nuestras bicicletas proporcionan la resistencia que siempre has buscado en una bici, permiti\u00e9ndote recorrer cortas o largas distancias, As\u00ed que aprovecha esta oportunidad y ll\u00e9vate esta excelente bicicleta fabricada y ensamblada especialmente para ti.<\/p>\n","protected":false},"excerpt":{"rendered":"<ul>\n<li> &#8211; Marco: Acero  <\/li>\n<li> &#8211; Freno: v-brake  <\/li>\n<li> &#8211; Pedales en resina Gw <\/li>\n<li> &#8211; Color: rosado <\/li>\n<li> &#8211; Edad apropiada: desde los 7 a\u00f1os en adelante <\/li>\n<\/ul>\n","protected":false},"featured_media":234553,"template":"","meta":{"_et_pb_use_builder":"","_et_pb_old_content":"","_et_gb_content_width":""},"product_brand":[],"product_cat":[74,64],"product_tag":[],"class_list":{"0":"post-234560","1":"product","2":"type-product","3":"status-publish","4":"has-post-thumbnail","6":"product_cat-bicicletas","7":"product_cat-bicicletas-infantiles","9":"first","10":"outofstock","11":"taxable","12":"shipping-taxable","13":"purchasable","14":"product-type-simple"},"_links":{"self":[{"href":"https:\/\/www.almacenflotablanca.com\/web\/wp-json\/wp\/v2\/product\/234560","targetHints":{"allow":["GET"]}}],"collection":[{"href":"https:\/\/www.almacenflotablanca.com\/web\/wp-json\/wp\/v2\/product"}],"about":[{"href":"https:\/\/www.almacenflotablanca.com\/web\/wp-json\/wp\/v2\/types\/product"}],"wp:featuredmedia":[{"embeddable":true,"href":"https:\/\/www.almacenflotablanca.com\/web\/wp-json\/wp\/v2\/media\/234553"}],"wp:attachment":[{"href":"https:\/\/www.almacenflotablanca.com\/web\/wp-json\/wp\/v2\/media?parent=234560"}],"wp:term":[{"taxonomy":"product_brand","embeddable":true,"href":"https:\/\/www.almacenflotablanca.com\/web\/wp-json\/wp\/v2\/product_brand?post=234560"},{"taxonomy":"product_cat","embeddable":true,"href":"https:\/\/www.almacenflotablanca.com\/web\/wp-json\/wp\/v2\/product_cat?post=234560"},{"taxonomy":"product_tag","embeddable":true,"href":"https:\/\/www.almacenflotablanca.com\/web\/wp-json\/wp\/v2\/product_tag?post=234560"}],"curies":[{"name":"wp","href":"https:\/\/api.w.org\/{rel}","templated":true}]}}