{"id":234580,"date":"2022-04-07T15:39:32","date_gmt":"2022-04-07T20:39:32","guid":{"rendered":"https:\/\/www.almacenflotablanca.com\/web\/producto\/bicicleta-rin-16-nino-sprint-naranja\/"},"modified":"2026-04-15T16:12:15","modified_gmt":"2026-04-15T21:12:15","slug":"bicicleta-rin-16-nino-sprint-naranja","status":"publish","type":"product","link":"https:\/\/www.almacenflotablanca.com\/web\/producto\/bicicleta-rin-16-nino-sprint-naranja\/","title":{"rendered":"Bicicleta Rin 16 Ni\u00f1o Sprint Naranja"},"content":{"rendered":"<p>Bicicleta Rin 16 Ni\u00f1o Sprint Naranja, esta bicicleta infantil cuenta con un marco en acero con caja peque\u00f1a, tenedor en acero con espigo de rosca, un codo y direcci\u00f3n integrados en acero, su sistema de freno v-brake en resina de muy buena calidad, relaci\u00f3n en acero 36t, eje de cuadrante, pi\u00f1\u00f3n marr\u00f3n 16t, su manzana en acero de 36 huecos,  aros en aluminio color natural, llantas swallow 16&#215;2.125y sus pedales en resina de alta calidad.<\/p>\n<p>Adem\u00e1s, nuestras bicicletas proporcionan la resistencia que siempre has buscado en una bici, permiti\u00e9ndote recorrer cortas o largas distancias, As\u00ed que aprovecha esta oportunidad y ll\u00e9vate esta excelente bicicleta fabricada y ensamblada especialmente para ti.<\/p>\n","protected":false},"excerpt":{"rendered":"<ul>\n<li> &#8211; Marco: Acero  <\/li>\n<li> &#8211; Freno: v-brake  <\/li>\n<li> &#8211; Pedales en resina <\/li>\n<li> &#8211; Color: variados sujeto a disponibilidad <\/li>\n<li> &#8211; Edad apropiada: desde los 4 a\u00f1os hasta 6 a\u00f1os <\/li>\n<\/ul>\n","protected":false},"featured_media":234575,"template":"","meta":{"_et_pb_use_builder":"","_et_pb_old_content":"","_et_gb_content_width":""},"product_brand":[],"product_cat":[74,64],"product_tag":[],"class_list":{"0":"post-234580","1":"product","2":"type-product","3":"status-publish","4":"has-post-thumbnail","6":"product_cat-bicicletas","7":"product_cat-bicicletas-infantiles","9":"first","10":"outofstock","11":"taxable","12":"shipping-taxable","13":"purchasable","14":"product-type-simple"},"_links":{"self":[{"href":"https:\/\/www.almacenflotablanca.com\/web\/wp-json\/wp\/v2\/product\/234580","targetHints":{"allow":["GET"]}}],"collection":[{"href":"https:\/\/www.almacenflotablanca.com\/web\/wp-json\/wp\/v2\/product"}],"about":[{"href":"https:\/\/www.almacenflotablanca.com\/web\/wp-json\/wp\/v2\/types\/product"}],"wp:featuredmedia":[{"embeddable":true,"href":"https:\/\/www.almacenflotablanca.com\/web\/wp-json\/wp\/v2\/media\/234575"}],"wp:attachment":[{"href":"https:\/\/www.almacenflotablanca.com\/web\/wp-json\/wp\/v2\/media?parent=234580"}],"wp:term":[{"taxonomy":"product_brand","embeddable":true,"href":"https:\/\/www.almacenflotablanca.com\/web\/wp-json\/wp\/v2\/product_brand?post=234580"},{"taxonomy":"product_cat","embeddable":true,"href":"https:\/\/www.almacenflotablanca.com\/web\/wp-json\/wp\/v2\/product_cat?post=234580"},{"taxonomy":"product_tag","embeddable":true,"href":"https:\/\/www.almacenflotablanca.com\/web\/wp-json\/wp\/v2\/product_tag?post=234580"}],"curies":[{"name":"wp","href":"https:\/\/api.w.org\/{rel}","templated":true}]}}