{"id":234597,"date":"2022-04-12T14:45:43","date_gmt":"2022-04-12T19:45:43","guid":{"rendered":"https:\/\/www.almacenflotablanca.com\/web\/producto\/bicicleta-rin-29-9-vel-on-trail-negra\/"},"modified":"2026-04-15T16:11:36","modified_gmt":"2026-04-15T21:11:36","slug":"bicicleta-rin-29-9-vel-on-trail-negra","status":"publish","type":"product","link":"https:\/\/www.almacenflotablanca.com\/web\/producto\/bicicleta-rin-29-9-vel-on-trail-negra\/","title":{"rendered":"Bicicleta Rin 29 9 Vel On Trail Negra"},"content":{"rendered":"<p>Bicicleta Rin 29 9 Vel On Trail Negra, esta bicicleta cuenta con un marco en aluminio con cableado interno, suspensi\u00f3n ontrail freeebike con bloqueo al remoto, un codo y direcci\u00f3n ontrail en aluminio, su sistema de freno de disco hidr\u00e1ulico ontrail on500 de alta resistencia, palancas ontrail de 9&#215;2 velocidades, una relaci\u00f3n 36-22, coronillas en acero, bielas en aluminio, una pacha 11-40 de cassette. Su descarrilador ontrail freebike, tensor ontrail freebike mx9, manzana ontrail en aluminio de 36 huecos. Los aros ontrail liner y unas llantas kenda 29&#215;2.10, junto a sus pedales en resina de alta resistencia.<\/p>\n<p>Nuestras bicicletas cuentan con componentes de excelente calidad, los cuales te brindaran la confianza y seguridad que necesitas, Mu\u00e9vete por donde quieras, por nuestras hermosas monta\u00f1as o por la ciudad, usa tu bicicleta para disfrutar de un d\u00eda de paseo por zonas rurales o para que vayas a tu trabajo, estudio o para que simplemente te diviertas.<\/p>\n","protected":false},"excerpt":{"rendered":"<ul>\n<li> &#8211; Marco: Aluminio <\/li>\n<li> &#8211; Sistema de freno: Hidr\u00e1ulico <\/li>\n<li> &#8211; Llantas: kenda 29&#215;2.10 <\/li>\n<li> &#8211; Uso: dom\u00e9stico <\/li>\n<li> &#8211; Colores: negro con rojo, negro con amarillo lim\u00f3n <\/li>\n<\/ul>\n","protected":false},"featured_media":234592,"template":"","meta":{"_et_pb_use_builder":"","_et_pb_old_content":"","_et_gb_content_width":""},"product_brand":[],"product_cat":[74,138],"product_tag":[],"class_list":{"0":"post-234597","1":"product","2":"type-product","3":"status-publish","4":"has-post-thumbnail","6":"product_cat-bicicletas","7":"product_cat-bicicletas-de-montana","9":"first","10":"outofstock","11":"taxable","12":"shipping-taxable","13":"purchasable","14":"product-type-simple"},"_links":{"self":[{"href":"https:\/\/www.almacenflotablanca.com\/web\/wp-json\/wp\/v2\/product\/234597","targetHints":{"allow":["GET"]}}],"collection":[{"href":"https:\/\/www.almacenflotablanca.com\/web\/wp-json\/wp\/v2\/product"}],"about":[{"href":"https:\/\/www.almacenflotablanca.com\/web\/wp-json\/wp\/v2\/types\/product"}],"wp:featuredmedia":[{"embeddable":true,"href":"https:\/\/www.almacenflotablanca.com\/web\/wp-json\/wp\/v2\/media\/234592"}],"wp:attachment":[{"href":"https:\/\/www.almacenflotablanca.com\/web\/wp-json\/wp\/v2\/media?parent=234597"}],"wp:term":[{"taxonomy":"product_brand","embeddable":true,"href":"https:\/\/www.almacenflotablanca.com\/web\/wp-json\/wp\/v2\/product_brand?post=234597"},{"taxonomy":"product_cat","embeddable":true,"href":"https:\/\/www.almacenflotablanca.com\/web\/wp-json\/wp\/v2\/product_cat?post=234597"},{"taxonomy":"product_tag","embeddable":true,"href":"https:\/\/www.almacenflotablanca.com\/web\/wp-json\/wp\/v2\/product_tag?post=234597"}],"curies":[{"name":"wp","href":"https:\/\/api.w.org\/{rel}","templated":true}]}}