{"id":234613,"date":"2022-04-16T14:48:28","date_gmt":"2022-04-16T19:48:28","guid":{"rendered":"https:\/\/www.almacenflotablanca.com\/web\/producto\/ciclo-simulador-master-r29-abw-negro\/"},"modified":"2026-04-15T16:11:34","modified_gmt":"2026-04-15T21:11:34","slug":"ciclo-simulador-master-r29-abw-negro","status":"publish","type":"product","link":"https:\/\/www.almacenflotablanca.com\/web\/producto\/ciclo-simulador-master-r29-abw-negro\/","title":{"rendered":"Ciclo Simulador Master R29 Abw Negro"},"content":{"rendered":"<p>Ciclo Simulador M\u00e1ster R29 Abw Negro,  es ideal para ciclistas que quieran entrenar bajo techo, es muy utilizado para cualquier tipo de bicicleta RIN 26 &#8211; 29 que tengan puntilla en la llanta trasera, adem\u00e1s de eso cuenta con dos blowers que hace las veces de resistencia, de tipo heolico. No genera desgate de la llanta trasera, debido al dise\u00f1o de la unidad motriz, la resistencia se var\u00eda con los cambios propios de la bicicleta, no necesita retirar la rueda, viene con soporte para apoyar la rueda delantera, Ideal para entrenar en casa, PLEGABLE, f\u00e1cil uso y almacenamiento, el procedimiento es totalmente manual, f\u00e1cil y r\u00e1pido.<\/p>\n","protected":false},"excerpt":{"rendered":"<ul>\n<li> &#8211; Materiales de Fabricaci\u00f3n: Acero <\/li>\n<li> &#8211; Unidad Motriz: Dos resistencias de aire (blower) <\/li>\n<li> &#8211; Rines adecuados: Rin 26 &#8211; 29 <\/li>\n<li> &#8211; Peso: 4,5 kg aprox <\/li>\n<\/ul>\n","protected":false},"featured_media":234608,"template":"","meta":{"_et_pb_use_builder":"","_et_pb_old_content":"","_et_gb_content_width":""},"product_brand":[],"product_cat":[74,154],"product_tag":[],"class_list":{"0":"post-234613","1":"product","2":"type-product","3":"status-publish","4":"has-post-thumbnail","6":"product_cat-bicicletas","7":"product_cat-soporte-de-entrenamiento","9":"first","10":"instock","11":"taxable","12":"shipping-taxable","13":"purchasable","14":"product-type-simple"},"_links":{"self":[{"href":"https:\/\/www.almacenflotablanca.com\/web\/wp-json\/wp\/v2\/product\/234613","targetHints":{"allow":["GET"]}}],"collection":[{"href":"https:\/\/www.almacenflotablanca.com\/web\/wp-json\/wp\/v2\/product"}],"about":[{"href":"https:\/\/www.almacenflotablanca.com\/web\/wp-json\/wp\/v2\/types\/product"}],"wp:featuredmedia":[{"embeddable":true,"href":"https:\/\/www.almacenflotablanca.com\/web\/wp-json\/wp\/v2\/media\/234608"}],"wp:attachment":[{"href":"https:\/\/www.almacenflotablanca.com\/web\/wp-json\/wp\/v2\/media?parent=234613"}],"wp:term":[{"taxonomy":"product_brand","embeddable":true,"href":"https:\/\/www.almacenflotablanca.com\/web\/wp-json\/wp\/v2\/product_brand?post=234613"},{"taxonomy":"product_cat","embeddable":true,"href":"https:\/\/www.almacenflotablanca.com\/web\/wp-json\/wp\/v2\/product_cat?post=234613"},{"taxonomy":"product_tag","embeddable":true,"href":"https:\/\/www.almacenflotablanca.com\/web\/wp-json\/wp\/v2\/product_tag?post=234613"}],"curies":[{"name":"wp","href":"https:\/\/api.w.org\/{rel}","templated":true}]}}