{"id":234658,"date":"2022-04-26T15:09:30","date_gmt":"2022-04-26T20:09:30","guid":{"rendered":"https:\/\/www.almacenflotablanca.com\/web\/producto\/bicicleta-estatica-mini-bike-movifit-blanca\/"},"modified":"2026-04-15T16:10:56","modified_gmt":"2026-04-15T21:10:56","slug":"bicicleta-estatica-mini-bike-movifit-blanca","status":"publish","type":"product","link":"https:\/\/www.almacenflotablanca.com\/web\/producto\/bicicleta-estatica-mini-bike-movifit-blanca\/","title":{"rendered":"Bicicleta Est\u00e1tica Mini Bike MoviFit Blanca"},"content":{"rendered":"<p>Bicicleta Est\u00e1tica Mini Bike MoviFit Blanca, es una peque\u00f1a bicicleta est\u00e1tica que nos permite ejercitar los brazos y las piernas en un solo equipo. Es portable y ocupa poco espacio, posee correas de seguridad en los pedales, brind\u00e1ndonos seguridad y comodidad en el ejercicio. Dise\u00f1ado para el m\u00e1ximo rendimiento y portabilidad. Se puede utilizar con las manos o los pies. Su pantalla LCD incorporada muestra el tiempo, distancia y calor\u00edas. Cuenta con diferentes niveles de resistencia ajustables por medio de un controlador de tensi\u00f3n.<\/p>\n","protected":false},"excerpt":{"rendered":"<ul>\n<li> &#8211; F\u00e1cil ensamble y funcionamiento <\/li>\n<li> &#8211; Nivel de resistencia ajustable <\/li>\n<li> &#8211; Pantalla LCD muestra el tiempo \/ distancia \/ calor\u00edas <\/li>\n<li> &#8211; Bases antideslizantes <\/li>\n<li> &#8211; Peso m\u00e1ximo de usuario 125 Kg <\/li>\n<\/ul>\n","protected":false},"featured_media":234655,"template":"","meta":{"_et_pb_use_builder":"","_et_pb_old_content":"","_et_gb_content_width":""},"product_brand":[],"product_cat":[111,73],"product_tag":[],"class_list":{"0":"post-234658","1":"product","2":"type-product","3":"status-publish","4":"has-post-thumbnail","6":"product_cat-bicicletas-estaticas","7":"product_cat-equipos-de-gimnasio","9":"first","10":"instock","11":"taxable","12":"shipping-taxable","13":"purchasable","14":"product-type-simple"},"_links":{"self":[{"href":"https:\/\/www.almacenflotablanca.com\/web\/wp-json\/wp\/v2\/product\/234658","targetHints":{"allow":["GET"]}}],"collection":[{"href":"https:\/\/www.almacenflotablanca.com\/web\/wp-json\/wp\/v2\/product"}],"about":[{"href":"https:\/\/www.almacenflotablanca.com\/web\/wp-json\/wp\/v2\/types\/product"}],"wp:featuredmedia":[{"embeddable":true,"href":"https:\/\/www.almacenflotablanca.com\/web\/wp-json\/wp\/v2\/media\/234655"}],"wp:attachment":[{"href":"https:\/\/www.almacenflotablanca.com\/web\/wp-json\/wp\/v2\/media?parent=234658"}],"wp:term":[{"taxonomy":"product_brand","embeddable":true,"href":"https:\/\/www.almacenflotablanca.com\/web\/wp-json\/wp\/v2\/product_brand?post=234658"},{"taxonomy":"product_cat","embeddable":true,"href":"https:\/\/www.almacenflotablanca.com\/web\/wp-json\/wp\/v2\/product_cat?post=234658"},{"taxonomy":"product_tag","embeddable":true,"href":"https:\/\/www.almacenflotablanca.com\/web\/wp-json\/wp\/v2\/product_tag?post=234658"}],"curies":[{"name":"wp","href":"https:\/\/api.w.org\/{rel}","templated":true}]}}