{"id":234668,"date":"2022-05-09T18:12:04","date_gmt":"2022-05-09T23:12:04","guid":{"rendered":"https:\/\/www.almacenflotablanca.com\/web\/producto\/tenedor-suspension-rin-29-suntour-negro\/"},"modified":"2026-04-15T16:11:47","modified_gmt":"2026-04-15T21:11:47","slug":"tenedor-suspension-rin-29-suntour-negro","status":"publish","type":"product","link":"https:\/\/www.almacenflotablanca.com\/web\/producto\/tenedor-suspension-rin-29-suntour-negro\/","title":{"rendered":"Tenedor Suspensi\u00f3n Rin 29 Suntour Negro"},"content":{"rendered":"<p>Tenedor Suspensi\u00f3n Rin 29 Suntour Negro, tenedor con suspensi\u00f3n de aire suntour raidon sf16-raidon-xc-ds-rl-r-29ts de 100\u202fmm de recorrido para freno de disco con bloqueo remoto en el manubrio, para rin 29 Un s\u00f3lido caballo de batalla XC, la Raidon es una horquilla impulsada duradera de alto rendimiento lista para hacer frente a senderos durante m\u00faltiples temporadas con un mantenimiento m\u00ednimo. Dise\u00f1o de cartucho sellado con bloqueo ajustable y m\u00faltiples configuraciones de rebote. El dise\u00f1o del resorte neum\u00e1tico permite a los usuarios establecer la presi\u00f3n preferida para que la horquilla se sienta como quieren. Los tubos y el chasis de peso ligero de 32 mm hacen que la horquilla XC est\u00e9 bien manejada y r\u00edgida.<\/p>\n","protected":false},"excerpt":{"rendered":"<ul>\n<li> &#8211; Ajuste de rebote externo <\/li>\n<li> &#8211; Volumen de aire ajustable con ajuste de precarga <\/li>\n<li> &#8211; Corona de aluminio forjado <\/li>\n<li> &#8211; Piston color oro anodizado A6061 32\u202fmm <\/li>\n<li> &#8211; 9\u202fmm de puntilla convencional <\/li>\n<li> &#8211; Dise\u00f1o monocasco de magnesio inferior <\/li>\n<li> &#8211; 1 1\/8 tubo de tenedor en Acero <\/li>\n<li> &#8211; Conjunto de bloqueo remoto incluido <\/li>\n<\/ul>\n","protected":false},"featured_media":234666,"template":"","meta":{"_et_pb_use_builder":"","_et_pb_old_content":"","_et_gb_content_width":""},"product_brand":[],"product_cat":[74,180],"product_tag":[],"class_list":{"0":"post-234668","1":"product","2":"type-product","3":"status-publish","4":"has-post-thumbnail","6":"product_cat-bicicletas","7":"product_cat-repuestos","9":"first","10":"outofstock","11":"taxable","12":"shipping-taxable","13":"purchasable","14":"product-type-simple"},"_links":{"self":[{"href":"https:\/\/www.almacenflotablanca.com\/web\/wp-json\/wp\/v2\/product\/234668","targetHints":{"allow":["GET"]}}],"collection":[{"href":"https:\/\/www.almacenflotablanca.com\/web\/wp-json\/wp\/v2\/product"}],"about":[{"href":"https:\/\/www.almacenflotablanca.com\/web\/wp-json\/wp\/v2\/types\/product"}],"wp:featuredmedia":[{"embeddable":true,"href":"https:\/\/www.almacenflotablanca.com\/web\/wp-json\/wp\/v2\/media\/234666"}],"wp:attachment":[{"href":"https:\/\/www.almacenflotablanca.com\/web\/wp-json\/wp\/v2\/media?parent=234668"}],"wp:term":[{"taxonomy":"product_brand","embeddable":true,"href":"https:\/\/www.almacenflotablanca.com\/web\/wp-json\/wp\/v2\/product_brand?post=234668"},{"taxonomy":"product_cat","embeddable":true,"href":"https:\/\/www.almacenflotablanca.com\/web\/wp-json\/wp\/v2\/product_cat?post=234668"},{"taxonomy":"product_tag","embeddable":true,"href":"https:\/\/www.almacenflotablanca.com\/web\/wp-json\/wp\/v2\/product_tag?post=234668"}],"curies":[{"name":"wp","href":"https:\/\/api.w.org\/{rel}","templated":true}]}}