{"id":234671,"date":"2022-05-09T18:16:18","date_gmt":"2022-05-09T23:16:18","guid":{"rendered":"https:\/\/www.almacenflotablanca.com\/web\/producto\/tenedor-suspension-rin-29-suntour-epixon-negro\/"},"modified":"2026-04-15T16:11:47","modified_gmt":"2026-04-15T21:11:47","slug":"tenedor-suspension-rin-29-suntour-epixon-negro","status":"publish","type":"product","link":"https:\/\/www.almacenflotablanca.com\/web\/producto\/tenedor-suspension-rin-29-suntour-epixon-negro\/","title":{"rendered":"Tenedor Suspensi\u00f3n Rin 29 Suntour Epixon Negro"},"content":{"rendered":"<p>Tenedor Suspensi\u00f3n Rin 29 Suntour Epixon Negro, La emblem\u00e1tica suspensi\u00f3n de SR Suntour tiene todo lo que un ciclista arriesgado necesita, ligera y r\u00edgida, con bloqueo remoto para que la diversi\u00f3n no se detenga, el l\u00edmite lo pones t\u00fa la Epixon te llevar\u00e1 m\u00e1s all\u00e1. Construido sobre la plataforma de bastones de 32 mm, la horquilla EPIXON puede acomodar discos de freno de hasta 180 mm. La EPIXON-9 es una horquilla probada de Cross-Country tanto en subidas como en bajadas, a la vez que es muy ligera. La horquilla EPIXON-9 viene con una corona de direcci\u00f3n forjada y una parte inferior de magnesio s\u00f3lido para beneficiarse de la rigidez adicional sin peso adicional. En el lado del rendimiento de la suspensi\u00f3n, el EPIXON-9 tiene el cartucho RL-R, que contiene bloqueo y ajuste de rebote en una unidad.<\/p>\n","protected":false},"excerpt":{"rendered":"<ul>\n<li> &#8211; Ajuste de rebote externo <\/li>\n<li> &#8211; Volumen de aire ajustable con ajuste de precarga <\/li>\n<li> &#8211; Corona de aluminio forjado <\/li>\n<li> &#8211; Bastones de 32\u202fmm <\/li>\n<li> &#8211; 9\u202fmm de puntilla convencional <\/li>\n<li> &#8211; Dise\u00f1o monocasco de magnesio inferior <\/li>\n<li> &#8211; 1 1\/8 tubo de tenedor <\/li>\n<li> &#8211; Conjunto de bloqueo remoto incluido, Incluye nuevo mando de bloqueo ergon\u00f3mico <\/li>\n<\/ul>\n","protected":false},"featured_media":234669,"template":"","meta":{"_et_pb_use_builder":"","_et_pb_old_content":"","_et_gb_content_width":""},"product_brand":[],"product_cat":[74,180],"product_tag":[],"class_list":{"0":"post-234671","1":"product","2":"type-product","3":"status-publish","4":"has-post-thumbnail","6":"product_cat-bicicletas","7":"product_cat-repuestos","9":"first","10":"instock","11":"taxable","12":"shipping-taxable","13":"purchasable","14":"product-type-simple"},"_links":{"self":[{"href":"https:\/\/www.almacenflotablanca.com\/web\/wp-json\/wp\/v2\/product\/234671","targetHints":{"allow":["GET"]}}],"collection":[{"href":"https:\/\/www.almacenflotablanca.com\/web\/wp-json\/wp\/v2\/product"}],"about":[{"href":"https:\/\/www.almacenflotablanca.com\/web\/wp-json\/wp\/v2\/types\/product"}],"wp:featuredmedia":[{"embeddable":true,"href":"https:\/\/www.almacenflotablanca.com\/web\/wp-json\/wp\/v2\/media\/234669"}],"wp:attachment":[{"href":"https:\/\/www.almacenflotablanca.com\/web\/wp-json\/wp\/v2\/media?parent=234671"}],"wp:term":[{"taxonomy":"product_brand","embeddable":true,"href":"https:\/\/www.almacenflotablanca.com\/web\/wp-json\/wp\/v2\/product_brand?post=234671"},{"taxonomy":"product_cat","embeddable":true,"href":"https:\/\/www.almacenflotablanca.com\/web\/wp-json\/wp\/v2\/product_cat?post=234671"},{"taxonomy":"product_tag","embeddable":true,"href":"https:\/\/www.almacenflotablanca.com\/web\/wp-json\/wp\/v2\/product_tag?post=234671"}],"curies":[{"name":"wp","href":"https:\/\/api.w.org\/{rel}","templated":true}]}}