{"id":234694,"date":"2022-05-14T14:04:23","date_gmt":"2022-05-14T19:04:23","guid":{"rendered":"https:\/\/www.almacenflotablanca.com\/web\/producto\/pacha-cassette-12-vel-deore-shimano\/"},"modified":"2026-04-15T16:11:41","modified_gmt":"2026-04-15T21:11:41","slug":"pacha-cassette-12-vel-deore-shimano","status":"publish","type":"product","link":"https:\/\/www.almacenflotablanca.com\/web\/producto\/pacha-cassette-12-vel-deore-shimano\/","title":{"rendered":"Pacha Cassette 12 Vel Deore Shimano"},"content":{"rendered":"<p>Pacha Cassette 12 Vel Deore Shimano, Con el cassette de Deore CS-M6100 Shimano introduce ahora el 12o pi\u00f1\u00f3n, tambi\u00e9n para el grupo de principiantes con precios asequibles Deore. Al igual que la serie de componentes top, la construcci\u00f3n de la ayuda a la escalada del Hyperglide+ asegura cambios de marcha particularmente suaves y silenciosos, incluso bajo carga. El pi\u00f1\u00f3n m\u00e1s grande tiene 51 dientes, el m\u00e1s peque\u00f1o solo 10, por lo que este cassette s\u00f3lo es compatible con ruedas libres Shimano Micro-Spline. Con el cassette de Deore CS-M6100 Shimano introduce ahora el 12o pi\u00f1\u00f3n, Relaci\u00f3n de Pi\u00f1ones: 10-51 (10-12-14-16-18-21-24-28-33-39-45-51 T ).<\/p>\n","protected":false},"excerpt":{"rendered":"<ul>\n<li> &#8211; Material pi\u00f1\u00f3n: Acero <\/li>\n<li> &#8211; Transmisiones: 12 velocidades <\/li>\n<li> &#8211; Relaci\u00f3n de Pi\u00f1ones: 10-51 (10-12-14-16-18-21-24-28-33-39-45-51 D) <\/li>\n<li> &#8211; Campo de aplicaci\u00f3n: All Mountain, Cross Country, Enduro <\/li>\n<\/ul>\n","protected":false},"featured_media":234693,"template":"","meta":{"_et_pb_use_builder":"","_et_pb_old_content":"","_et_gb_content_width":""},"product_brand":[],"product_cat":[74,180],"product_tag":[],"class_list":{"0":"post-234694","1":"product","2":"type-product","3":"status-publish","4":"has-post-thumbnail","6":"product_cat-bicicletas","7":"product_cat-repuestos","9":"first","10":"instock","11":"taxable","12":"shipping-taxable","13":"purchasable","14":"product-type-simple"},"_links":{"self":[{"href":"https:\/\/www.almacenflotablanca.com\/web\/wp-json\/wp\/v2\/product\/234694","targetHints":{"allow":["GET"]}}],"collection":[{"href":"https:\/\/www.almacenflotablanca.com\/web\/wp-json\/wp\/v2\/product"}],"about":[{"href":"https:\/\/www.almacenflotablanca.com\/web\/wp-json\/wp\/v2\/types\/product"}],"wp:featuredmedia":[{"embeddable":true,"href":"https:\/\/www.almacenflotablanca.com\/web\/wp-json\/wp\/v2\/media\/234693"}],"wp:attachment":[{"href":"https:\/\/www.almacenflotablanca.com\/web\/wp-json\/wp\/v2\/media?parent=234694"}],"wp:term":[{"taxonomy":"product_brand","embeddable":true,"href":"https:\/\/www.almacenflotablanca.com\/web\/wp-json\/wp\/v2\/product_brand?post=234694"},{"taxonomy":"product_cat","embeddable":true,"href":"https:\/\/www.almacenflotablanca.com\/web\/wp-json\/wp\/v2\/product_cat?post=234694"},{"taxonomy":"product_tag","embeddable":true,"href":"https:\/\/www.almacenflotablanca.com\/web\/wp-json\/wp\/v2\/product_tag?post=234694"}],"curies":[{"name":"wp","href":"https:\/\/api.w.org\/{rel}","templated":true}]}}