{"id":234704,"date":"2022-05-16T22:03:24","date_gmt":"2022-05-17T03:03:24","guid":{"rendered":"https:\/\/www.almacenflotablanca.com\/web\/producto\/pedales-clipless-shimano-negro\/"},"modified":"2026-04-15T16:11:41","modified_gmt":"2026-04-15T21:11:41","slug":"pedales-clipless-shimano-negro","status":"publish","type":"product","link":"https:\/\/www.almacenflotablanca.com\/web\/producto\/pedales-clipless-shimano-negro\/","title":{"rendered":"Pedales Clipless Shimano Negro"},"content":{"rendered":"<p>Pedales Clipless Shimano Negro, tienen un dise\u00f1o del cuerpo compacto con anclaje abierto para una fijaci\u00f3n m\u00e1s f\u00e1cil, con una mejor repelencia del barro y la suciedad que cualquier otro pedal de su clase. Con tensi\u00f3n de anclaje y liberaci\u00f3n ajustable. Eje en aleaci\u00f3n de cromo y eje de cartucho sellado de bajo mantenimiento. Viene con un incre\u00edble dise\u00f1o de cuerpo compacto con enganche abierto para un anclaje f\u00e1cil. Mejor repelencia del barro y la suciedad que cualquier otro pedal de su clase, su eje en aleaci\u00f3n de control  y eje de cartucho de rodamientos sellados de bajo mantenimiento.<\/p>\n","protected":false},"excerpt":{"rendered":"<ul>\n<li> &#8211; Cuerpo de aluminio con bujes en acero y rodamientos sellados <\/li>\n<li> &#8211; Sistema SPD de doble cara <\/li>\n<li> &#8211; Tensi\u00f3n de anclaje y liberaci\u00f3n ajustable <\/li>\n<li> &#8211; Incluye calas <\/li>\n<\/ul>\n","protected":false},"featured_media":234702,"template":"","meta":{"_et_pb_use_builder":"","_et_pb_old_content":"","_et_gb_content_width":""},"product_brand":[],"product_cat":[74,180],"product_tag":[],"class_list":{"0":"post-234704","1":"product","2":"type-product","3":"status-publish","4":"has-post-thumbnail","6":"product_cat-bicicletas","7":"product_cat-repuestos","9":"first","10":"instock","11":"taxable","12":"shipping-taxable","13":"purchasable","14":"product-type-simple"},"_links":{"self":[{"href":"https:\/\/www.almacenflotablanca.com\/web\/wp-json\/wp\/v2\/product\/234704","targetHints":{"allow":["GET"]}}],"collection":[{"href":"https:\/\/www.almacenflotablanca.com\/web\/wp-json\/wp\/v2\/product"}],"about":[{"href":"https:\/\/www.almacenflotablanca.com\/web\/wp-json\/wp\/v2\/types\/product"}],"wp:featuredmedia":[{"embeddable":true,"href":"https:\/\/www.almacenflotablanca.com\/web\/wp-json\/wp\/v2\/media\/234702"}],"wp:attachment":[{"href":"https:\/\/www.almacenflotablanca.com\/web\/wp-json\/wp\/v2\/media?parent=234704"}],"wp:term":[{"taxonomy":"product_brand","embeddable":true,"href":"https:\/\/www.almacenflotablanca.com\/web\/wp-json\/wp\/v2\/product_brand?post=234704"},{"taxonomy":"product_cat","embeddable":true,"href":"https:\/\/www.almacenflotablanca.com\/web\/wp-json\/wp\/v2\/product_cat?post=234704"},{"taxonomy":"product_tag","embeddable":true,"href":"https:\/\/www.almacenflotablanca.com\/web\/wp-json\/wp\/v2\/product_tag?post=234704"}],"curies":[{"name":"wp","href":"https:\/\/api.w.org\/{rel}","templated":true}]}}