{"id":234708,"date":"2022-05-16T22:39:26","date_gmt":"2022-05-17T03:39:26","guid":{"rendered":"https:\/\/www.almacenflotablanca.com\/web\/producto\/pedales-mtb-doble-funcion-shimano-negro\/"},"modified":"2026-04-15T16:11:40","modified_gmt":"2026-04-15T21:11:40","slug":"pedales-mtb-doble-funcion-shimano-negro","status":"publish","type":"product","link":"https:\/\/www.almacenflotablanca.com\/web\/producto\/pedales-mtb-doble-funcion-shimano-negro\/","title":{"rendered":"Pedales MTB Doble Funci\u00f3n Shimano Negro"},"content":{"rendered":"<p>Pedales MTB Doble Funci\u00f3n Shimano Negro, pedal shimano doble funcion spd pd-t421, ideal para uso en ciudad con calzado normal y entrenamientos con zapatillas de ciclismo. Anclaje CLICK&#8217;R, por un lado, y pedal plano por el otro. Tienen un dise\u00f1o del cuerpo compacto con anclaje abierto para una fijaci\u00f3n m\u00e1s f\u00e1cil, con una mejor repelencia del barro y la suciedad que cualquier otro pedal de su clase. Con tensi\u00f3n de anclaje y liberaci\u00f3n ajustable. Eje en aleaci\u00f3n de cromo y eje de cartucho sellado de bajo mantenimiento.<\/p>\n","protected":false},"excerpt":{"rendered":"<ul>\n<li> &#8211; Modelo: PD-T421 <\/li>\n<li> &#8211; Tensi\u00f3n de anclaje y liberaci\u00f3n ajustable <\/li>\n<li> &#8211; Reflectante integrado <\/li>\n<li> &#8211; Anclaje de f\u00e1cil acceso <\/li>\n<li> &#8211; Incluye trabas calas SM-SH56 <\/li>\n<\/ul>\n","protected":false},"featured_media":234705,"template":"","meta":{"_et_pb_use_builder":"","_et_pb_old_content":"","_et_gb_content_width":""},"product_brand":[],"product_cat":[74,180],"product_tag":[],"class_list":{"0":"post-234708","1":"product","2":"type-product","3":"status-publish","4":"has-post-thumbnail","6":"product_cat-bicicletas","7":"product_cat-repuestos","9":"first","10":"instock","11":"taxable","12":"shipping-taxable","13":"purchasable","14":"product-type-simple"},"_links":{"self":[{"href":"https:\/\/www.almacenflotablanca.com\/web\/wp-json\/wp\/v2\/product\/234708","targetHints":{"allow":["GET"]}}],"collection":[{"href":"https:\/\/www.almacenflotablanca.com\/web\/wp-json\/wp\/v2\/product"}],"about":[{"href":"https:\/\/www.almacenflotablanca.com\/web\/wp-json\/wp\/v2\/types\/product"}],"wp:featuredmedia":[{"embeddable":true,"href":"https:\/\/www.almacenflotablanca.com\/web\/wp-json\/wp\/v2\/media\/234705"}],"wp:attachment":[{"href":"https:\/\/www.almacenflotablanca.com\/web\/wp-json\/wp\/v2\/media?parent=234708"}],"wp:term":[{"taxonomy":"product_brand","embeddable":true,"href":"https:\/\/www.almacenflotablanca.com\/web\/wp-json\/wp\/v2\/product_brand?post=234708"},{"taxonomy":"product_cat","embeddable":true,"href":"https:\/\/www.almacenflotablanca.com\/web\/wp-json\/wp\/v2\/product_cat?post=234708"},{"taxonomy":"product_tag","embeddable":true,"href":"https:\/\/www.almacenflotablanca.com\/web\/wp-json\/wp\/v2\/product_tag?post=234708"}],"curies":[{"name":"wp","href":"https:\/\/api.w.org\/{rel}","templated":true}]}}