{"id":234721,"date":"2022-05-19T17:20:31","date_gmt":"2022-05-19T22:20:31","guid":{"rendered":"https:\/\/www.almacenflotablanca.com\/web\/producto\/cadenilla-hg701-11-v-cadena-bicicleta-shimano\/"},"modified":"2026-04-15T16:11:40","modified_gmt":"2026-04-15T21:11:40","slug":"cadenilla-hg701-11-v-cadena-bicicleta-shimano","status":"publish","type":"product","link":"https:\/\/www.almacenflotablanca.com\/web\/producto\/cadenilla-hg701-11-v-cadena-bicicleta-shimano\/","title":{"rendered":"Cadenilla Hg701 11 V Cadena Bicicleta Shimano"},"content":{"rendered":"<p>Cadenilla Hg701 11 V Cadena Bicicleta Shimano, La cadenilla Shimano CN-HG701-11 de 11 velocidades proporciona un cambio preciso y una mayor durabilidad, longitud 116L, Conector r\u00e1pido, rendimiento De Cambio Suave y Fiable, compatible con Mtb DEORE XT y Ruta ULTEGRA 11 velocidades, es la cadena de Shimano dise\u00f1ada espec\u00edficamente para trabajar con trenes de transmisi\u00f3n MTB y Road de 11 velocidades, con el nuevo tratamiento superficial de fricci\u00f3n ultra baja de Shimano, SIL-TEC. <\/p>\n<p>Gracias a este nuevo tratamiento de superficie, esta cadena ahora funcionar\u00e1 de manera m\u00e1s suave y con menos fricci\u00f3n. Esto resulta en menos ruido, requiriendo menos mantenimiento con un mejor rendimiento de eliminaci\u00f3n de lodo. Esto hace que la cadena dure m\u00e1s tiempo, con menor desgaste y resistencia a la abrasi\u00f3n. El nuevo recubrimiento SIL-TEC combinado con el dise\u00f1o especial de la placa asim\u00e9trica de Shimano significa relaciones m\u00e1s cercanas, cambios m\u00e1s suaves y un golpe de pedal m\u00e1s eficiente.<\/p>\n","protected":false},"excerpt":{"rendered":"<ul>\n<li> &#8211; Material: Acero <\/li>\n<li> &#8211; Serie Hyperglide <\/li>\n<li> &#8211; Para uso en monta\u00f1a o carretera <\/li>\n<li> &#8211; Rendimiento De Cambio Suave y Fiable <\/li>\n<\/ul>\n","protected":false},"featured_media":234718,"template":"","meta":{"_et_pb_use_builder":"","_et_pb_old_content":"","_et_gb_content_width":""},"product_brand":[],"product_cat":[74,180],"product_tag":[],"class_list":{"0":"post-234721","1":"product","2":"type-product","3":"status-publish","4":"has-post-thumbnail","6":"product_cat-bicicletas","7":"product_cat-repuestos","9":"first","10":"instock","11":"taxable","12":"shipping-taxable","13":"purchasable","14":"product-type-simple"},"_links":{"self":[{"href":"https:\/\/www.almacenflotablanca.com\/web\/wp-json\/wp\/v2\/product\/234721","targetHints":{"allow":["GET"]}}],"collection":[{"href":"https:\/\/www.almacenflotablanca.com\/web\/wp-json\/wp\/v2\/product"}],"about":[{"href":"https:\/\/www.almacenflotablanca.com\/web\/wp-json\/wp\/v2\/types\/product"}],"wp:featuredmedia":[{"embeddable":true,"href":"https:\/\/www.almacenflotablanca.com\/web\/wp-json\/wp\/v2\/media\/234718"}],"wp:attachment":[{"href":"https:\/\/www.almacenflotablanca.com\/web\/wp-json\/wp\/v2\/media?parent=234721"}],"wp:term":[{"taxonomy":"product_brand","embeddable":true,"href":"https:\/\/www.almacenflotablanca.com\/web\/wp-json\/wp\/v2\/product_brand?post=234721"},{"taxonomy":"product_cat","embeddable":true,"href":"https:\/\/www.almacenflotablanca.com\/web\/wp-json\/wp\/v2\/product_cat?post=234721"},{"taxonomy":"product_tag","embeddable":true,"href":"https:\/\/www.almacenflotablanca.com\/web\/wp-json\/wp\/v2\/product_tag?post=234721"}],"curies":[{"name":"wp","href":"https:\/\/api.w.org\/{rel}","templated":true}]}}