{"id":234729,"date":"2022-05-20T17:27:54","date_gmt":"2022-05-20T22:27:54","guid":{"rendered":"https:\/\/www.almacenflotablanca.com\/web\/producto\/suspension-29-sr-suntour-negra\/"},"modified":"2026-04-15T16:11:46","modified_gmt":"2026-04-15T21:11:46","slug":"suspension-29-sr-suntour-negra","status":"publish","type":"product","link":"https:\/\/www.almacenflotablanca.com\/web\/producto\/suspension-29-sr-suntour-negra\/","title":{"rendered":"Suspensi\u00f3n 29 Sr. Suntour Negra"},"content":{"rendered":"<p>Suspensi\u00f3n 29 Sr. Suntour Negra, el modelo de horquilla Suntour XCT posee un sistema de suspensi\u00f3n de muelles. Estas suspensiones est\u00e1n dise\u00f1adas para aquellos que realizan un tipo de conducci\u00f3n m\u00e1s agresiva. Por norma general, suele ser el tipo que se instala en la mayor\u00eda de bicicletas de monta\u00f1a, ya que su precio es menor y puede ser v\u00e1lido para casi todo tipo de conducci\u00f3n. Son muy robustas, lo que las hace muy resistentes. Su mantenimiento es muy barato y sencillo, por lo que puede ser ideal para personas que se est\u00e9n iniciando en esta apasionante modalidad de ciclismo.<\/p>\n","protected":false},"excerpt":{"rendered":"<ul>\n<li> &#8211; Freno Postmount 160mm Directo <\/li>\n<li> &#8211; Tubo de la horquilla 1-1\/8&#8243; espigo recto <\/li>\n<li> &#8211; Botella Al Alloy (ALUMINIO) <\/li>\n<li> &#8211; Barras 30 mm de di\u00e1metro <\/li>\n<li> &#8211; Espigo RECTO <\/li>\n<\/ul>\n","protected":false},"featured_media":234728,"template":"","meta":{"_et_pb_use_builder":"","_et_pb_old_content":"","_et_gb_content_width":""},"product_brand":[],"product_cat":[74,180],"product_tag":[],"class_list":{"0":"post-234729","1":"product","2":"type-product","3":"status-publish","4":"has-post-thumbnail","6":"product_cat-bicicletas","7":"product_cat-repuestos","9":"first","10":"instock","11":"taxable","12":"shipping-taxable","13":"purchasable","14":"product-type-simple"},"_links":{"self":[{"href":"https:\/\/www.almacenflotablanca.com\/web\/wp-json\/wp\/v2\/product\/234729","targetHints":{"allow":["GET"]}}],"collection":[{"href":"https:\/\/www.almacenflotablanca.com\/web\/wp-json\/wp\/v2\/product"}],"about":[{"href":"https:\/\/www.almacenflotablanca.com\/web\/wp-json\/wp\/v2\/types\/product"}],"wp:featuredmedia":[{"embeddable":true,"href":"https:\/\/www.almacenflotablanca.com\/web\/wp-json\/wp\/v2\/media\/234728"}],"wp:attachment":[{"href":"https:\/\/www.almacenflotablanca.com\/web\/wp-json\/wp\/v2\/media?parent=234729"}],"wp:term":[{"taxonomy":"product_brand","embeddable":true,"href":"https:\/\/www.almacenflotablanca.com\/web\/wp-json\/wp\/v2\/product_brand?post=234729"},{"taxonomy":"product_cat","embeddable":true,"href":"https:\/\/www.almacenflotablanca.com\/web\/wp-json\/wp\/v2\/product_cat?post=234729"},{"taxonomy":"product_tag","embeddable":true,"href":"https:\/\/www.almacenflotablanca.com\/web\/wp-json\/wp\/v2\/product_tag?post=234729"}],"curies":[{"name":"wp","href":"https:\/\/api.w.org\/{rel}","templated":true}]}}