{"id":234737,"date":"2022-05-26T16:51:27","date_gmt":"2022-05-26T21:51:27","guid":{"rendered":"https:\/\/www.almacenflotablanca.com\/web\/producto\/suspension-29-gw-2-1-bloqueo-al-manubrio\/"},"modified":"2026-04-15T16:11:47","modified_gmt":"2026-04-15T21:11:47","slug":"suspension-29-gw-2-1-bloqueo-al-manubrio","status":"publish","type":"product","link":"https:\/\/www.almacenflotablanca.com\/web\/producto\/suspension-29-gw-2-1-bloqueo-al-manubrio\/","title":{"rendered":"Suspensi\u00f3n 29&#8243; Gw 2.1 Bloqueo al manubrio"},"content":{"rendered":"<p>Suspensi\u00f3n 29&#8243; Gw 2.1 Bloqueo al manubrio, posee un sistema de suspensi\u00f3n de muelles. Estas suspensiones est\u00e1n dise\u00f1adas para aquellos que realizan un tipo de conducci\u00f3n m\u00e1s agresiva. Por norma general, suele ser el tipo que se instala en la mayor\u00eda de bicicletas de monta\u00f1a, ya que su precio es menor y puede ser v\u00e1lido para casi todo tipo de conducci\u00f3n. Son muy robustas, lo que las hace muy resistentes. Su mantenimiento es muy barato y sencillo, por lo que puede ser ideal para personas que se est\u00e9n iniciando en esta apasionante modalidad de ciclismo. Espigo ovezide y frente de direcci\u00f3n overzide, viene incluido con bloqueador remoto cable y funda.<\/p>\n","protected":false},"excerpt":{"rendered":"<ul>\n<li> &#8211; Modelo: GW CH-525 RL\/O-AMS 29 28MM 2.1 <\/li>\n<li> &#8211; Recorrido: 80mm. <\/li>\n<li> &#8211; Anclaje de mordaza: Post Mount <\/li>\n<li> &#8211; Compatible con freno Disco <\/li>\n<li> &#8211; Tubo ca\u00f1a de 1.1\/8&#8243; <\/li>\n<li> &#8211; Eje 9mm (Est\u00e1ndar) <\/li>\n<\/ul>\n","protected":false},"featured_media":234736,"template":"","meta":{"_et_pb_use_builder":"","_et_pb_old_content":"","_et_gb_content_width":""},"product_brand":[],"product_cat":[74,180],"product_tag":[],"class_list":{"0":"post-234737","1":"product","2":"type-product","3":"status-publish","4":"has-post-thumbnail","6":"product_cat-bicicletas","7":"product_cat-repuestos","9":"first","10":"outofstock","11":"taxable","12":"shipping-taxable","13":"purchasable","14":"product-type-simple"},"_links":{"self":[{"href":"https:\/\/www.almacenflotablanca.com\/web\/wp-json\/wp\/v2\/product\/234737","targetHints":{"allow":["GET"]}}],"collection":[{"href":"https:\/\/www.almacenflotablanca.com\/web\/wp-json\/wp\/v2\/product"}],"about":[{"href":"https:\/\/www.almacenflotablanca.com\/web\/wp-json\/wp\/v2\/types\/product"}],"wp:featuredmedia":[{"embeddable":true,"href":"https:\/\/www.almacenflotablanca.com\/web\/wp-json\/wp\/v2\/media\/234736"}],"wp:attachment":[{"href":"https:\/\/www.almacenflotablanca.com\/web\/wp-json\/wp\/v2\/media?parent=234737"}],"wp:term":[{"taxonomy":"product_brand","embeddable":true,"href":"https:\/\/www.almacenflotablanca.com\/web\/wp-json\/wp\/v2\/product_brand?post=234737"},{"taxonomy":"product_cat","embeddable":true,"href":"https:\/\/www.almacenflotablanca.com\/web\/wp-json\/wp\/v2\/product_cat?post=234737"},{"taxonomy":"product_tag","embeddable":true,"href":"https:\/\/www.almacenflotablanca.com\/web\/wp-json\/wp\/v2\/product_tag?post=234737"}],"curies":[{"name":"wp","href":"https:\/\/api.w.org\/{rel}","templated":true}]}}