{"id":234798,"date":"2022-06-22T21:57:35","date_gmt":"2022-06-23T02:57:35","guid":{"rendered":"https:\/\/www.almacenflotablanca.com\/web\/producto\/cangurera-sport-fitness-negra\/"},"modified":"2026-04-15T16:11:11","modified_gmt":"2026-04-15T21:11:11","slug":"cangurera-sport-fitness-negra","status":"publish","type":"product","link":"https:\/\/www.almacenflotablanca.com\/web\/producto\/cangurera-sport-fitness-negra\/","title":{"rendered":"Cangurera Sport Fitness Negra"},"content":{"rendered":"<p>Cangurera Sport Fitness Negra, cangurera ri\u00f1onera para Trote con termo Sport fitness, su material: Neopreno, Correa en Nailon, El\u00e1stica, Gancho, pl\u00e1stico que contiene: Dos Termos cada uno con capacidad de 10 oz, hidrataci\u00f3n durante el entrenamiento. Esta robusta botella de agua grande tiene capacidad para necesaria de agua para satisfacer la ingesta diaria de agua y las necesidades de hidrataci\u00f3n de fitness. Su pr\u00e1ctico asa incorporada permite un f\u00e1cil transporte de agua perfecto para llevar a la pr\u00e1ctica de f\u00fatbol, juegos de b\u00e9isbol y otras actividades en los d\u00edas calurosos.<\/p>\n","protected":false},"excerpt":{"rendered":"<ul>\n<li>&#8211; Material: Neopreno, Correa en Nailon, El\u00e1stica, Gancho pl\u00e1stico<\/li>\n<li>&#8211; Salida para aud\u00edfonos<\/li>\n<li>&#8211; Bolsillo interno de 28 cm x 9 cm<\/li>\n<li>&#8211; Bolsillo externo 12 cm x 9 cm<\/li>\n<\/ul>\n","protected":false},"featured_media":234797,"template":"","meta":{"_et_pb_use_builder":"","_et_pb_old_content":"","_et_gb_content_width":""},"product_brand":[],"product_cat":[182],"product_tag":[],"class_list":{"0":"post-234798","1":"product","2":"type-product","3":"status-publish","4":"has-post-thumbnail","6":"product_cat-cangureras","8":"first","9":"instock","10":"taxable","11":"shipping-taxable","12":"purchasable","13":"product-type-simple"},"_links":{"self":[{"href":"https:\/\/www.almacenflotablanca.com\/web\/wp-json\/wp\/v2\/product\/234798","targetHints":{"allow":["GET"]}}],"collection":[{"href":"https:\/\/www.almacenflotablanca.com\/web\/wp-json\/wp\/v2\/product"}],"about":[{"href":"https:\/\/www.almacenflotablanca.com\/web\/wp-json\/wp\/v2\/types\/product"}],"wp:featuredmedia":[{"embeddable":true,"href":"https:\/\/www.almacenflotablanca.com\/web\/wp-json\/wp\/v2\/media\/234797"}],"wp:attachment":[{"href":"https:\/\/www.almacenflotablanca.com\/web\/wp-json\/wp\/v2\/media?parent=234798"}],"wp:term":[{"taxonomy":"product_brand","embeddable":true,"href":"https:\/\/www.almacenflotablanca.com\/web\/wp-json\/wp\/v2\/product_brand?post=234798"},{"taxonomy":"product_cat","embeddable":true,"href":"https:\/\/www.almacenflotablanca.com\/web\/wp-json\/wp\/v2\/product_cat?post=234798"},{"taxonomy":"product_tag","embeddable":true,"href":"https:\/\/www.almacenflotablanca.com\/web\/wp-json\/wp\/v2\/product_tag?post=234798"}],"curies":[{"name":"wp","href":"https:\/\/api.w.org\/{rel}","templated":true}]}}