{"id":235448,"date":"2022-12-07T10:04:26","date_gmt":"2022-12-07T15:04:26","guid":{"rendered":"https:\/\/www.almacenflotablanca.com\/web\/producto\/patineta-sprint-para-nina-llanta-de-color\/"},"modified":"2026-04-15T16:11:20","modified_gmt":"2026-04-15T21:11:20","slug":"patineta-sprint-para-nina-llanta-de-color","status":"publish","type":"product","link":"https:\/\/www.almacenflotablanca.com\/web\/producto\/patineta-sprint-para-nina-llanta-de-color\/","title":{"rendered":"Patineta Sprint Para Ni\u00f1a Llanta de Color"},"content":{"rendered":"<p>Patineta Sprint Para Ni\u00f1a Llanta de Color  Esta patineta lleva una plataforma antideslizante ancha para mayor estabilidad y resistencia. Cuerpo de metal, manubrio con c\u00f3modos pu\u00f1os acolchados mejora la amortiguaci\u00f3n y durabilidad de las llantas.\u00a0Tabla mejorada completa con antideslizante, m\u00e1s segura.<br \/>\nLa emoci\u00f3n de la energ\u00eda se combina con la \u00faltima tecnolog\u00eda y los materiales de alta calidad por los que se conocen. Una plataforma y un marco de tama\u00f1o completo, la patineta  est\u00e1 dise\u00f1ado para NI\u00d1AS desde 9 a\u00f1os hasta soportar 60 kilos y viaja a velocidades de hasta 12 km por hora.<\/p>\n","protected":false},"excerpt":{"rendered":"<p>Patineta Sprint Para Ni\u00f1a Llanta de Color Esta patineta lleva una plataforma antideslizante ancha para mayor estabilidad y resistencia. Cuerpo de metal, manubrio con c\u00f3modos pu\u00f1os acolchados mejora la amortiguaci\u00f3n y durabilidad de las llantas.\u00a0Tabla mejorada completa con antideslizante, m\u00e1s segura. La emoci\u00f3n de la energ\u00eda se combina con la \u00faltima tecnolog\u00eda y los materiales [&hellip;]<\/p>\n","protected":false},"featured_media":235514,"template":"","meta":{"_et_pb_use_builder":"","_et_pb_old_content":"","_et_gb_content_width":""},"product_brand":[],"product_cat":[63,60],"product_tag":[],"class_list":{"0":"post-235448","1":"product","2":"type-product","3":"status-publish","4":"has-post-thumbnail","6":"product_cat-jugueteria","7":"product_cat-patinetas","9":"first","10":"instock","11":"taxable","12":"shipping-taxable","13":"purchasable","14":"product-type-simple"},"_links":{"self":[{"href":"https:\/\/www.almacenflotablanca.com\/web\/wp-json\/wp\/v2\/product\/235448","targetHints":{"allow":["GET"]}}],"collection":[{"href":"https:\/\/www.almacenflotablanca.com\/web\/wp-json\/wp\/v2\/product"}],"about":[{"href":"https:\/\/www.almacenflotablanca.com\/web\/wp-json\/wp\/v2\/types\/product"}],"wp:featuredmedia":[{"embeddable":true,"href":"https:\/\/www.almacenflotablanca.com\/web\/wp-json\/wp\/v2\/media\/235514"}],"wp:attachment":[{"href":"https:\/\/www.almacenflotablanca.com\/web\/wp-json\/wp\/v2\/media?parent=235448"}],"wp:term":[{"taxonomy":"product_brand","embeddable":true,"href":"https:\/\/www.almacenflotablanca.com\/web\/wp-json\/wp\/v2\/product_brand?post=235448"},{"taxonomy":"product_cat","embeddable":true,"href":"https:\/\/www.almacenflotablanca.com\/web\/wp-json\/wp\/v2\/product_cat?post=235448"},{"taxonomy":"product_tag","embeddable":true,"href":"https:\/\/www.almacenflotablanca.com\/web\/wp-json\/wp\/v2\/product_tag?post=235448"}],"curies":[{"name":"wp","href":"https:\/\/api.w.org\/{rel}","templated":true}]}}