{"id":235568,"date":"2022-12-27T12:35:30","date_gmt":"2022-12-27T17:35:30","guid":{"rendered":"https:\/\/www.almacenflotablanca.com\/web\/producto\/bicicleta-rin-12-sprint-nina-con-kit-drigom\/"},"modified":"2026-04-15T16:12:17","modified_gmt":"2026-04-15T21:12:17","slug":"bicicleta-rin-12-sprint-nina-con-kit-drigom","status":"publish","type":"product","link":"https:\/\/www.almacenflotablanca.com\/web\/producto\/bicicleta-rin-12-sprint-nina-con-kit-drigom\/","title":{"rendered":"Bicicleta Rin 12 SPRINT Ni\u00f1a Con Kit Drigom"},"content":{"rendered":"<p>Bicicleta Rin 12 SPRINT Ni\u00f1a Con Kit Drigom, dise\u00f1ada con accesorios variados para la diversi\u00f3n de aquellos que apenas est\u00e1n comenzando a montar bicicleta con pedal.<\/p>\n<p>Nuestras bicicletas cuentan con componentes de excelente calidad, los cuales te brindaran la confianza y seguridad que necesitas, Mu\u00e9vete por donde quieras, por nuestras hermosas monta\u00f1as o por la ciudad, usa tu bicicleta para disfrutar de un d\u00eda de paseo por zonas rurales o para que vayas a tu trabajo, estudio o para que simplemente te diviertas.<br \/>\n-Marco en acero con caja peque\u00f1a<br \/>\n-Tenedor en acero con espigo de  rosca<br \/>\n-Codo en acero<br \/>\n-Direcci\u00f3n bmx en acero, pito, canasta con botella, espejo, flecos, silla para mu\u00f1eca<br \/>\n-Sistema de freno v-brake en resina<br \/>\n-Relaci\u00f3n en acero 28t, eje de cuadrante<br \/>\n-Pi\u00f1\u00f3n marr\u00f3n 16t<br \/>\n-Manzana en acero de 36 huecos<br \/>\n-Aros en aluminio color natural, Llantas flip 12 1\/2X2 1\/4<br \/>\n-Pedales en resina 9\/16<br \/>\n-Colores y motivos variados, sujetos a disponibilidad<\/p>\n","protected":false},"excerpt":{"rendered":"<ul>\n<li> -Marco en acero con caja peque\u00f1a <\/li>\n<li> -Tenedor en acero con espigo de  rosca <\/li>\n<li> -Codo en acero <\/li>\n<li> -Direcci\u00f3n bmx en acero, pito, canasta con botella, espejo, flecos, silla para mu\u00f1eca  <\/li>\n<li> -Sistema de freno v-brake en resina <\/li>\n<li> -Relaci\u00f3n en acero 28t, eje de cuadrante <\/li>\n<li> -Pi\u00f1\u00f3n marr\u00f3n 16t <\/li>\n<li> -Manzana en acero de 36 huecos <\/li>\n<li> -Aros en aluminio color natural, Llantas flip 12 1\/2X2 1\/4 <\/li>\n<li> -Pedales en resina 9\/16 <\/li>\n<li> -Colores y motivos variados, sujetos a disponibilidad <\/li>\n<\/ul>\n","protected":false},"featured_media":235564,"template":"","meta":{"_et_pb_use_builder":"","_et_pb_old_content":"","_et_gb_content_width":""},"product_brand":[],"product_cat":[74,64],"product_tag":[],"class_list":{"0":"post-235568","1":"product","2":"type-product","3":"status-publish","4":"has-post-thumbnail","6":"product_cat-bicicletas","7":"product_cat-bicicletas-infantiles","9":"first","10":"instock","11":"taxable","12":"shipping-taxable","13":"purchasable","14":"product-type-simple"},"_links":{"self":[{"href":"https:\/\/www.almacenflotablanca.com\/web\/wp-json\/wp\/v2\/product\/235568","targetHints":{"allow":["GET"]}}],"collection":[{"href":"https:\/\/www.almacenflotablanca.com\/web\/wp-json\/wp\/v2\/product"}],"about":[{"href":"https:\/\/www.almacenflotablanca.com\/web\/wp-json\/wp\/v2\/types\/product"}],"wp:featuredmedia":[{"embeddable":true,"href":"https:\/\/www.almacenflotablanca.com\/web\/wp-json\/wp\/v2\/media\/235564"}],"wp:attachment":[{"href":"https:\/\/www.almacenflotablanca.com\/web\/wp-json\/wp\/v2\/media?parent=235568"}],"wp:term":[{"taxonomy":"product_brand","embeddable":true,"href":"https:\/\/www.almacenflotablanca.com\/web\/wp-json\/wp\/v2\/product_brand?post=235568"},{"taxonomy":"product_cat","embeddable":true,"href":"https:\/\/www.almacenflotablanca.com\/web\/wp-json\/wp\/v2\/product_cat?post=235568"},{"taxonomy":"product_tag","embeddable":true,"href":"https:\/\/www.almacenflotablanca.com\/web\/wp-json\/wp\/v2\/product_tag?post=235568"}],"curies":[{"name":"wp","href":"https:\/\/api.w.org\/{rel}","templated":true}]}}