{"id":235972,"date":"2023-02-13T13:34:45","date_gmt":"2023-02-13T18:34:45","guid":{"rendered":"https:\/\/www.almacenflotablanca.com\/web\/producto\/bicicleta-rin-16-gw-bugs-nina\/"},"modified":"2026-04-15T16:12:15","modified_gmt":"2026-04-15T21:12:15","slug":"bicicleta-rin-16-gw-bugs-nina","status":"publish","type":"product","link":"https:\/\/www.almacenflotablanca.com\/web\/producto\/bicicleta-rin-16-gw-bugs-nina\/","title":{"rendered":"Bicicleta Rin 16 Gw Bugs Ni\u00f1a"},"content":{"rendered":"<p>Bicicleta Rin 16 Gw Bugs Ni\u00f1a con espejos, pito, canasta, botella para el agua, guardacadena, silla para la mu\u00f1eca, lenticulares, mangos en colores con flecos<\/p>\n","protected":false},"excerpt":{"rendered":"<ul>\n<li> -Marco GW EN ACERO con caja PEQUE\u00d1A <\/li>\n<li> -Tenedor en ACERO, con espigo de ROSCA <\/li>\n<li> -Codo BMX en ACERO <\/li>\n<li> -Direcci\u00f3n TIPO BMX en acero <\/li>\n<li> -Sistema de freno V-BRAKE en RESINA, COLOR <\/li>\n<li> -Relaci\u00f3n en acero <\/li>\n<li> -Pi\u00f1\u00f3n MARRON 16T <\/li>\n<li> -Manzana en acero de 36 huecos <\/li>\n<li> -Aros en aluminio color natural, Llantas PONELY COLOR, 16X1.125 <\/li>\n<li> -Pedales en resina <\/li>\n<li> -Colores: ROSADO, MORADO, SUJETOS A DISPONIBILIDAD <\/li>\n<\/ul>\n","protected":false},"featured_media":235957,"template":"","meta":{"_et_pb_use_builder":"","_et_pb_old_content":"","_et_gb_content_width":""},"product_brand":[],"product_cat":[74,64],"product_tag":[],"class_list":{"0":"post-235972","1":"product","2":"type-product","3":"status-publish","4":"has-post-thumbnail","6":"product_cat-bicicletas","7":"product_cat-bicicletas-infantiles","9":"first","10":"instock","11":"taxable","12":"shipping-taxable","13":"purchasable","14":"product-type-simple"},"_links":{"self":[{"href":"https:\/\/www.almacenflotablanca.com\/web\/wp-json\/wp\/v2\/product\/235972","targetHints":{"allow":["GET"]}}],"collection":[{"href":"https:\/\/www.almacenflotablanca.com\/web\/wp-json\/wp\/v2\/product"}],"about":[{"href":"https:\/\/www.almacenflotablanca.com\/web\/wp-json\/wp\/v2\/types\/product"}],"wp:featuredmedia":[{"embeddable":true,"href":"https:\/\/www.almacenflotablanca.com\/web\/wp-json\/wp\/v2\/media\/235957"}],"wp:attachment":[{"href":"https:\/\/www.almacenflotablanca.com\/web\/wp-json\/wp\/v2\/media?parent=235972"}],"wp:term":[{"taxonomy":"product_brand","embeddable":true,"href":"https:\/\/www.almacenflotablanca.com\/web\/wp-json\/wp\/v2\/product_brand?post=235972"},{"taxonomy":"product_cat","embeddable":true,"href":"https:\/\/www.almacenflotablanca.com\/web\/wp-json\/wp\/v2\/product_cat?post=235972"},{"taxonomy":"product_tag","embeddable":true,"href":"https:\/\/www.almacenflotablanca.com\/web\/wp-json\/wp\/v2\/product_tag?post=235972"}],"curies":[{"name":"wp","href":"https:\/\/api.w.org\/{rel}","templated":true}]}}