{"id":236026,"date":"2023-03-01T15:37:20","date_gmt":"2023-03-01T20:37:20","guid":{"rendered":"https:\/\/www.almacenflotablanca.com\/web\/producto\/patines-canariam-black-magic-pro-plus-fucsia-27-30\/"},"modified":"2026-04-15T16:11:29","modified_gmt":"2026-04-15T21:11:29","slug":"patines-canariam-black-magic-pro-plus-fucsia-27-30","status":"publish","type":"product","link":"https:\/\/www.almacenflotablanca.com\/web\/producto\/patines-canariam-black-magic-pro-plus-fucsia-27-30\/","title":{"rendered":"PATINES CANARIAM BLACK MAGIC PRO PLUS FUCSIA 27-30"},"content":{"rendered":"<p>PATINES CANARIAM BLACK MAGIC PRO PLUS FUCSIA 27-30<br \/>\n: Patines en l\u00ednea de uso semiprofesional, recreativo e iniciaci\u00f3n, bota en pasta de alta calidad que lo hace m\u00e1s resistente a golpes o rozaduras, acolchado interior. El sistema de ajuste por tallas permite prolongar su uso con el crecimiento del usuario. Cuentan con tres ruedas de 76MM, el pat\u00edn derecho viene con freno. Se sugiere seleccionar 2 tallas m\u00e1s de las que usa en calzado normal.<\/p>\n","protected":false},"excerpt":{"rendered":"<ul>\n<li> &#8211;Bota en pasta de alta calidad que lo hace m\u00e1s resistente a golpes o rozaduras <\/li>\n<li> &#8211; El pat\u00edn derecho viene con freno <\/li>\n<li> -El sistema de ajuste por tallas permite prolongar su uso con el crecimiento del usuario <\/li>\n<\/ul>\n","protected":false},"featured_media":236022,"template":"","meta":{"_et_pb_use_builder":"","_et_pb_old_content":"","_et_gb_content_width":""},"product_brand":[],"product_cat":[63,57],"product_tag":[],"class_list":{"0":"post-236026","1":"product","2":"type-product","3":"status-publish","4":"has-post-thumbnail","6":"product_cat-jugueteria","7":"product_cat-patines","9":"first","10":"instock","11":"taxable","12":"shipping-taxable","13":"purchasable","14":"product-type-simple"},"_links":{"self":[{"href":"https:\/\/www.almacenflotablanca.com\/web\/wp-json\/wp\/v2\/product\/236026","targetHints":{"allow":["GET"]}}],"collection":[{"href":"https:\/\/www.almacenflotablanca.com\/web\/wp-json\/wp\/v2\/product"}],"about":[{"href":"https:\/\/www.almacenflotablanca.com\/web\/wp-json\/wp\/v2\/types\/product"}],"wp:featuredmedia":[{"embeddable":true,"href":"https:\/\/www.almacenflotablanca.com\/web\/wp-json\/wp\/v2\/media\/236022"}],"wp:attachment":[{"href":"https:\/\/www.almacenflotablanca.com\/web\/wp-json\/wp\/v2\/media?parent=236026"}],"wp:term":[{"taxonomy":"product_brand","embeddable":true,"href":"https:\/\/www.almacenflotablanca.com\/web\/wp-json\/wp\/v2\/product_brand?post=236026"},{"taxonomy":"product_cat","embeddable":true,"href":"https:\/\/www.almacenflotablanca.com\/web\/wp-json\/wp\/v2\/product_cat?post=236026"},{"taxonomy":"product_tag","embeddable":true,"href":"https:\/\/www.almacenflotablanca.com\/web\/wp-json\/wp\/v2\/product_tag?post=236026"}],"curies":[{"name":"wp","href":"https:\/\/api.w.org\/{rel}","templated":true}]}}