{"id":236034,"date":"2023-03-01T18:03:21","date_gmt":"2023-03-01T23:03:21","guid":{"rendered":"https:\/\/www.almacenflotablanca.com\/web\/producto\/patines-canariam-black-magic-pro-plus-fucsia-39-42\/"},"modified":"2026-04-15T16:11:29","modified_gmt":"2026-04-15T21:11:29","slug":"patines-canariam-black-magic-pro-plus-fucsia-39-42","status":"publish","type":"product","link":"https:\/\/www.almacenflotablanca.com\/web\/producto\/patines-canariam-black-magic-pro-plus-fucsia-39-42\/","title":{"rendered":"Patines Canariam Black Magic Pro Plus Fucsia 39-42"},"content":{"rendered":"<p>Patines Canariam Black Magic Pro Plus Fucsia 39-42<br \/>\nPatines en l\u00ednea de uso semiprofesional, recreativo e iniciaci\u00f3n, bota en pasta de alta calidad que lo hace m\u00e1s resistente a golpes o rozaduras, acolchado interior. El sistema de ajuste por tallas permite prolongar su uso con el crecimiento del usuario. Cuentan con cuatro ruedas de 90MM. Chasis profesional que permite usarlo con tres o con cuatro ruedas de 100MM, Se sugiere seleccionar 2 tallas m\u00e1s de las que usa en calzado normal.<\/p>\n","protected":false},"excerpt":{"rendered":"<ul>\n<li> -Bota en pasta de alta calidad que lo hace m\u00e1s resistente a golpes o rozaduras <\/li>\n<li> -Chasis profesional que permite usarlo con tres o con cuatro ruedas de 100MM <\/li>\n<li> -Cuentan con cuatro ruedas de 90MM <\/li>\n<\/ul>\n","protected":false},"featured_media":236031,"template":"","meta":{"_et_pb_use_builder":"","_et_pb_old_content":"","_et_gb_content_width":""},"product_brand":[],"product_cat":[63,57],"product_tag":[],"class_list":{"0":"post-236034","1":"product","2":"type-product","3":"status-publish","4":"has-post-thumbnail","6":"product_cat-jugueteria","7":"product_cat-patines","9":"first","10":"instock","11":"taxable","12":"shipping-taxable","13":"purchasable","14":"product-type-simple"},"_links":{"self":[{"href":"https:\/\/www.almacenflotablanca.com\/web\/wp-json\/wp\/v2\/product\/236034","targetHints":{"allow":["GET"]}}],"collection":[{"href":"https:\/\/www.almacenflotablanca.com\/web\/wp-json\/wp\/v2\/product"}],"about":[{"href":"https:\/\/www.almacenflotablanca.com\/web\/wp-json\/wp\/v2\/types\/product"}],"wp:featuredmedia":[{"embeddable":true,"href":"https:\/\/www.almacenflotablanca.com\/web\/wp-json\/wp\/v2\/media\/236031"}],"wp:attachment":[{"href":"https:\/\/www.almacenflotablanca.com\/web\/wp-json\/wp\/v2\/media?parent=236034"}],"wp:term":[{"taxonomy":"product_brand","embeddable":true,"href":"https:\/\/www.almacenflotablanca.com\/web\/wp-json\/wp\/v2\/product_brand?post=236034"},{"taxonomy":"product_cat","embeddable":true,"href":"https:\/\/www.almacenflotablanca.com\/web\/wp-json\/wp\/v2\/product_cat?post=236034"},{"taxonomy":"product_tag","embeddable":true,"href":"https:\/\/www.almacenflotablanca.com\/web\/wp-json\/wp\/v2\/product_tag?post=236034"}],"curies":[{"name":"wp","href":"https:\/\/api.w.org\/{rel}","templated":true}]}}