{"id":236090,"date":"2023-03-11T16:38:02","date_gmt":"2023-03-11T21:38:02","guid":{"rendered":"https:\/\/www.almacenflotablanca.com\/web\/producto\/kit-de-proteccion-canariam-negro-m\/"},"modified":"2026-04-15T16:12:02","modified_gmt":"2026-04-15T21:12:02","slug":"kit-de-proteccion-canariam-negro-m","status":"publish","type":"product","link":"https:\/\/www.almacenflotablanca.com\/web\/producto\/kit-de-proteccion-canariam-negro-m\/","title":{"rendered":"Kit de protecci\u00f3n Canariam Negro M"},"content":{"rendered":"<p>Kit de protecci\u00f3n Canariam Morado S<br \/>\nEl kit de protecciones canariam cuenta con seis piezas las cuales incluyen manoplas, coderas y rodilleras.<br \/>\nEspuma con tela enmallada para mayor comodidad<br \/>\nPlaca de protecci\u00f3n en PVC de alta resistencia.<br \/>\nExtensi\u00f3n que mejora la anatom\u00eda del producto, el\u00e1stico que cubre alrededor de todo el codo y la rodilla.<br \/>\nAjuste de doble velcro y banda el\u00e1stica.<br \/>\nIdeales para escuelas de patinaje y patinaje recreativo.<br \/>\nLa talla M es para ni\u00f1os de aproximadamente 8 -12 a\u00f1os, (recomendado)<\/p>\n","protected":false},"excerpt":{"rendered":"<ul>\n<li> -Espuma con tela enmallada para mayor comodidad <\/li>\n<li> -Placa de protecci\u00f3n en PVC de alta resistencia. <\/li>\n<li> -Extensi\u00f3n que mejora la anatom\u00eda del producto, el\u00e1stico que cubre alrededor de todo el codo y la rodilla. <\/li>\n<li> -Ajuste de doble velcro y banda el\u00e1stica. <\/li>\n<li> -Ideales para escuelas de patinaje y patinaje recreativo. <\/li>\n<\/ul>\n","protected":false},"featured_media":236098,"template":"","meta":{"_et_pb_use_builder":"","_et_pb_old_content":"","_et_gb_content_width":""},"product_brand":[],"product_cat":[53,167],"product_tag":[],"class_list":{"0":"post-236090","1":"product","2":"type-product","3":"status-publish","4":"has-post-thumbnail","6":"product_cat-accesorios-deportivos","7":"product_cat-protecciones","9":"first","10":"instock","11":"taxable","12":"shipping-taxable","13":"purchasable","14":"product-type-simple"},"_links":{"self":[{"href":"https:\/\/www.almacenflotablanca.com\/web\/wp-json\/wp\/v2\/product\/236090","targetHints":{"allow":["GET"]}}],"collection":[{"href":"https:\/\/www.almacenflotablanca.com\/web\/wp-json\/wp\/v2\/product"}],"about":[{"href":"https:\/\/www.almacenflotablanca.com\/web\/wp-json\/wp\/v2\/types\/product"}],"wp:featuredmedia":[{"embeddable":true,"href":"https:\/\/www.almacenflotablanca.com\/web\/wp-json\/wp\/v2\/media\/236098"}],"wp:attachment":[{"href":"https:\/\/www.almacenflotablanca.com\/web\/wp-json\/wp\/v2\/media?parent=236090"}],"wp:term":[{"taxonomy":"product_brand","embeddable":true,"href":"https:\/\/www.almacenflotablanca.com\/web\/wp-json\/wp\/v2\/product_brand?post=236090"},{"taxonomy":"product_cat","embeddable":true,"href":"https:\/\/www.almacenflotablanca.com\/web\/wp-json\/wp\/v2\/product_cat?post=236090"},{"taxonomy":"product_tag","embeddable":true,"href":"https:\/\/www.almacenflotablanca.com\/web\/wp-json\/wp\/v2\/product_tag?post=236090"}],"curies":[{"name":"wp","href":"https:\/\/api.w.org\/{rel}","templated":true}]}}