{"id":236470,"date":"2023-04-03T12:31:15","date_gmt":"2023-04-03T17:31:15","guid":{"rendered":"https:\/\/www.almacenflotablanca.com\/web\/producto\/minibomba-beto-crh-011pb\/"},"modified":"2026-04-15T16:11:52","modified_gmt":"2026-04-15T21:11:52","slug":"minibomba-beto-crh-011pb","status":"publish","type":"product","link":"https:\/\/www.almacenflotablanca.com\/web\/producto\/minibomba-beto-crh-011pb\/","title":{"rendered":"Minibomba Beto Crh-011pb"},"content":{"rendered":"<p>Minibomba Beto Crh-011pb<br \/>\nMini bomba Beto ligera y compacta, sirve para todo tipo de v\u00e1lvula (Presta, Scrader o Dunlop) su cabeza es ergon\u00f3mica lo cual facilita el agarre, maneja el sistema de v\u00e1lvula reversible y viene hecha de materiales de \u00f3ptima duraci\u00f3n<\/p>\n","protected":false},"excerpt":{"rendered":"<ul>\n<li> -Sirve para todo tipo de v\u00e1lvula <\/li>\n<li> -Su cabeza es ergon\u00f3mica lo cual facilita el agarre <\/li>\n<li> -Maneja el sistema de v\u00e1lvula reversible <\/li>\n<\/ul>\n","protected":false},"featured_media":236466,"template":"","meta":{"_et_pb_use_builder":"","_et_pb_old_content":"","_et_gb_content_width":""},"product_brand":[],"product_cat":[179,74],"product_tag":[],"class_list":{"0":"post-236470","1":"product","2":"type-product","3":"status-publish","4":"has-post-thumbnail","6":"product_cat-accesorios","7":"product_cat-bicicletas","9":"first","10":"instock","11":"taxable","12":"shipping-taxable","13":"purchasable","14":"product-type-simple"},"_links":{"self":[{"href":"https:\/\/www.almacenflotablanca.com\/web\/wp-json\/wp\/v2\/product\/236470","targetHints":{"allow":["GET"]}}],"collection":[{"href":"https:\/\/www.almacenflotablanca.com\/web\/wp-json\/wp\/v2\/product"}],"about":[{"href":"https:\/\/www.almacenflotablanca.com\/web\/wp-json\/wp\/v2\/types\/product"}],"wp:featuredmedia":[{"embeddable":true,"href":"https:\/\/www.almacenflotablanca.com\/web\/wp-json\/wp\/v2\/media\/236466"}],"wp:attachment":[{"href":"https:\/\/www.almacenflotablanca.com\/web\/wp-json\/wp\/v2\/media?parent=236470"}],"wp:term":[{"taxonomy":"product_brand","embeddable":true,"href":"https:\/\/www.almacenflotablanca.com\/web\/wp-json\/wp\/v2\/product_brand?post=236470"},{"taxonomy":"product_cat","embeddable":true,"href":"https:\/\/www.almacenflotablanca.com\/web\/wp-json\/wp\/v2\/product_cat?post=236470"},{"taxonomy":"product_tag","embeddable":true,"href":"https:\/\/www.almacenflotablanca.com\/web\/wp-json\/wp\/v2\/product_tag?post=236470"}],"curies":[{"name":"wp","href":"https:\/\/api.w.org\/{rel}","templated":true}]}}