{"id":236481,"date":"2023-04-03T13:33:36","date_gmt":"2023-04-03T18:33:36","guid":{"rendered":"https:\/\/www.almacenflotablanca.com\/web\/producto\/bicicleta-rin-20p-gw-pilot-azul\/"},"modified":"2026-04-15T16:10:45","modified_gmt":"2026-04-15T21:10:45","slug":"bicicleta-rin-20p-gw-pilot-azul","status":"publish","type":"product","link":"https:\/\/www.almacenflotablanca.com\/web\/producto\/bicicleta-rin-20p-gw-pilot-azul\/","title":{"rendered":"Bicicleta rin 20p GW pilot azul"},"content":{"rendered":"<p>Bicicleta rin 20p GW pilot azul<br \/>\nIncluye accesorios, cubre cadena y Guardafangos en ambas ruedas, material: Marco en acero, Rines en aluminio, Llantas con aire.<\/p>\n","protected":false},"excerpt":{"rendered":"<ul>\n<li> -Marco en acero con caja americana  <\/li>\n<li> -Tenedor GW en acero con espigo de rosca <\/li>\n<li> -Codo en acero <\/li>\n<li> -Direcci\u00f3n en acero <\/li>\n<li> -Sistema de freno v-break en resina <\/li>\n<li> -Relaci\u00f3n en acero 36t <\/li>\n<li> -Pi\u00f1\u00f3n marr\u00f3n 18t <\/li>\n<li> -Manzana en acero de 36 huecos <\/li>\n<li> -Aros en aluminio color negro, Llantas de goma <\/li>\n<li> -Pedales en resina <\/li>\n<\/ul>\n","protected":false},"featured_media":236476,"template":"","meta":{"_et_pb_use_builder":"","_et_pb_old_content":"","_et_gb_content_width":""},"product_brand":[],"product_cat":[74,64],"product_tag":[],"class_list":{"0":"post-236481","1":"product","2":"type-product","3":"status-publish","4":"has-post-thumbnail","6":"product_cat-bicicletas","7":"product_cat-bicicletas-infantiles","9":"first","10":"outofstock","11":"taxable","12":"shipping-taxable","13":"purchasable","14":"product-type-simple"},"_links":{"self":[{"href":"https:\/\/www.almacenflotablanca.com\/web\/wp-json\/wp\/v2\/product\/236481","targetHints":{"allow":["GET"]}}],"collection":[{"href":"https:\/\/www.almacenflotablanca.com\/web\/wp-json\/wp\/v2\/product"}],"about":[{"href":"https:\/\/www.almacenflotablanca.com\/web\/wp-json\/wp\/v2\/types\/product"}],"wp:featuredmedia":[{"embeddable":true,"href":"https:\/\/www.almacenflotablanca.com\/web\/wp-json\/wp\/v2\/media\/236476"}],"wp:attachment":[{"href":"https:\/\/www.almacenflotablanca.com\/web\/wp-json\/wp\/v2\/media?parent=236481"}],"wp:term":[{"taxonomy":"product_brand","embeddable":true,"href":"https:\/\/www.almacenflotablanca.com\/web\/wp-json\/wp\/v2\/product_brand?post=236481"},{"taxonomy":"product_cat","embeddable":true,"href":"https:\/\/www.almacenflotablanca.com\/web\/wp-json\/wp\/v2\/product_cat?post=236481"},{"taxonomy":"product_tag","embeddable":true,"href":"https:\/\/www.almacenflotablanca.com\/web\/wp-json\/wp\/v2\/product_tag?post=236481"}],"curies":[{"name":"wp","href":"https:\/\/api.w.org\/{rel}","templated":true}]}}