{"id":236497,"date":"2023-04-03T16:19:18","date_gmt":"2023-04-03T21:19:18","guid":{"rendered":"https:\/\/www.almacenflotablanca.com\/web\/producto\/bicicleta-rin-12-gw-txt650-super-verde\/"},"modified":"2026-04-15T16:10:46","modified_gmt":"2026-04-15T21:10:46","slug":"bicicleta-rin-12-gw-txt650-super-verde","status":"publish","type":"product","link":"https:\/\/www.almacenflotablanca.com\/web\/producto\/bicicleta-rin-12-gw-txt650-super-verde\/","title":{"rendered":"Bicicleta rin 12 gw txt650 super VERDE"},"content":{"rendered":"<p>Bicicleta rin 12 gw txt650 super VERDE<br \/>\nBicicleta rin 12 de marco acerado de alta calidad y moderno dise\u00f1o, incluye accesorios: Cubre cadena, Guardafangos, Timbre y Rueditas Auxiliares.<br \/>\nEdades recomendadas:  de 2 a 4 a\u00f1os<br \/>\nMarco en acero con caja americana<\/p>\n","protected":false},"excerpt":{"rendered":"<ul>\n<li> Tenedor GW en acero con espigo de rosca <\/li>\n<li> Codo en acero <\/li>\n<li> Direcci\u00f3n en acero <\/li>\n<li> Sistema de freno aluminio resina <\/li>\n<li> Relaci\u00f3n en acero 36t <\/li>\n<li> Pi\u00f1\u00f3n marr\u00f3n 18t <\/li>\n<li> Manzana en acero de 36 huecos <\/li>\n<li> Aros en aluminio color negro, Llantas de goma <\/li>\n<li> Pedales en resina <\/li>\n<\/ul>\n","protected":false},"featured_media":236492,"template":"","meta":{"_et_pb_use_builder":"","_et_pb_old_content":"","_et_gb_content_width":""},"product_brand":[],"product_cat":[74,64],"product_tag":[],"class_list":{"0":"post-236497","1":"product","2":"type-product","3":"status-publish","4":"has-post-thumbnail","6":"product_cat-bicicletas","7":"product_cat-bicicletas-infantiles","9":"first","10":"instock","11":"taxable","12":"shipping-taxable","13":"purchasable","14":"product-type-simple"},"_links":{"self":[{"href":"https:\/\/www.almacenflotablanca.com\/web\/wp-json\/wp\/v2\/product\/236497","targetHints":{"allow":["GET"]}}],"collection":[{"href":"https:\/\/www.almacenflotablanca.com\/web\/wp-json\/wp\/v2\/product"}],"about":[{"href":"https:\/\/www.almacenflotablanca.com\/web\/wp-json\/wp\/v2\/types\/product"}],"wp:featuredmedia":[{"embeddable":true,"href":"https:\/\/www.almacenflotablanca.com\/web\/wp-json\/wp\/v2\/media\/236492"}],"wp:attachment":[{"href":"https:\/\/www.almacenflotablanca.com\/web\/wp-json\/wp\/v2\/media?parent=236497"}],"wp:term":[{"taxonomy":"product_brand","embeddable":true,"href":"https:\/\/www.almacenflotablanca.com\/web\/wp-json\/wp\/v2\/product_brand?post=236497"},{"taxonomy":"product_cat","embeddable":true,"href":"https:\/\/www.almacenflotablanca.com\/web\/wp-json\/wp\/v2\/product_cat?post=236497"},{"taxonomy":"product_tag","embeddable":true,"href":"https:\/\/www.almacenflotablanca.com\/web\/wp-json\/wp\/v2\/product_tag?post=236497"}],"curies":[{"name":"wp","href":"https:\/\/api.w.org\/{rel}","templated":true}]}}