{"id":236520,"date":"2023-04-04T16:37:05","date_gmt":"2023-04-04T21:37:05","guid":{"rendered":"https:\/\/www.almacenflotablanca.com\/web\/producto\/bicicleta-rin-12-gw-shadow-nino-negro-rojo\/"},"modified":"2026-04-15T16:10:49","modified_gmt":"2026-04-15T21:10:49","slug":"bicicleta-rin-12-gw-shadow-nino-negro-rojo","status":"publish","type":"product","link":"https:\/\/www.almacenflotablanca.com\/web\/producto\/bicicleta-rin-12-gw-shadow-nino-negro-rojo\/","title":{"rendered":"Bicicleta rin 12 gw shadow ni\u00f1o Negro\/Rojo"},"content":{"rendered":"<p>Bicicleta rin 12 gw shadow ni\u00f1o Negro\/Rojo<br \/>\nBicicleta rin 12 de marco acerado de alta calidad y moderno dise\u00f1o, incluye accesorios: Cubre cadena, Guardafangos, Timbre y Rueditas Auxiliares.<\/p>\n","protected":false},"excerpt":{"rendered":"<ul>\n<li> &#8211; Marco en acero con caja americana     <\/li>\n<li>  -Tenedor GW en acero con espigo de rosca    <\/li>\n<li>  -Codo en acero    <\/li>\n<li>  -Direcci\u00f3n en acero    <\/li>\n<li>  -sistema de freno resina    <\/li>\n<li>  -Relaci\u00f3n en acero 36t    <\/li>\n<li>  -Pi\u00f1\u00f3n marr\u00f3n 18t    <\/li>\n<li>  -Manzana en acero de 36 huecos    <\/li>\n<li>  -Aros en aluminio color negro   <\/li>\n<li>  -Pedales en resina <\/li>\n<\/ul>\n","protected":false},"featured_media":236516,"template":"","meta":{"_et_pb_use_builder":"","_et_pb_old_content":"","_et_gb_content_width":""},"product_brand":[],"product_cat":[74,64],"product_tag":[],"class_list":{"0":"post-236520","1":"product","2":"type-product","3":"status-publish","4":"has-post-thumbnail","6":"product_cat-bicicletas","7":"product_cat-bicicletas-infantiles","9":"first","10":"instock","11":"taxable","12":"shipping-taxable","13":"purchasable","14":"product-type-simple"},"_links":{"self":[{"href":"https:\/\/www.almacenflotablanca.com\/web\/wp-json\/wp\/v2\/product\/236520","targetHints":{"allow":["GET"]}}],"collection":[{"href":"https:\/\/www.almacenflotablanca.com\/web\/wp-json\/wp\/v2\/product"}],"about":[{"href":"https:\/\/www.almacenflotablanca.com\/web\/wp-json\/wp\/v2\/types\/product"}],"wp:featuredmedia":[{"embeddable":true,"href":"https:\/\/www.almacenflotablanca.com\/web\/wp-json\/wp\/v2\/media\/236516"}],"wp:attachment":[{"href":"https:\/\/www.almacenflotablanca.com\/web\/wp-json\/wp\/v2\/media?parent=236520"}],"wp:term":[{"taxonomy":"product_brand","embeddable":true,"href":"https:\/\/www.almacenflotablanca.com\/web\/wp-json\/wp\/v2\/product_brand?post=236520"},{"taxonomy":"product_cat","embeddable":true,"href":"https:\/\/www.almacenflotablanca.com\/web\/wp-json\/wp\/v2\/product_cat?post=236520"},{"taxonomy":"product_tag","embeddable":true,"href":"https:\/\/www.almacenflotablanca.com\/web\/wp-json\/wp\/v2\/product_tag?post=236520"}],"curies":[{"name":"wp","href":"https:\/\/api.w.org\/{rel}","templated":true}]}}