{"id":236590,"date":"2023-04-22T10:49:02","date_gmt":"2023-04-22T15:49:02","guid":{"rendered":"https:\/\/www.almacenflotablanca.com\/web\/producto\/bicicleta-bmx-zuppra-caja-grande-rin-20-verde\/"},"modified":"2026-04-15T16:12:07","modified_gmt":"2026-04-15T21:12:07","slug":"bicicleta-bmx-zuppra-caja-grande-rin-20-verde","status":"publish","type":"product","link":"https:\/\/www.almacenflotablanca.com\/web\/producto\/bicicleta-bmx-zuppra-caja-grande-rin-20-verde\/","title":{"rendered":"Bicicleta Bmx Zuppra Caja Grande Rin 20 Verde"},"content":{"rendered":"<p>Bicicleta Bmx Zuppra  Caja Grande Rin 20 Verde<br \/>\nBicicleta tipo bmx, ideal para ni\u00f1os de 6 a\u00f1os en adelante, silla de altura ajustable seg\u00fan la edad<\/p>\n","protected":false},"excerpt":{"rendered":"<ul>\n<li> &#8211;Marco en acero con caja americana <\/li>\n<li> -Tenedor rigido en acero con espigo de rosca <\/li>\n<li> -Codo bmx en acero <\/li>\n<li> -Direcci\u00f3n bmx en acero <\/li>\n<li> -Sistema de freno v-brake en resina <\/li>\n<li> -Relaci\u00f3n en acero 36t <\/li>\n<li> -Pi\u00f1\u00f3n marron 18t <\/li>\n<li> -Manzana en acero de 36 huecos <\/li>\n<li> -Aros en aluminio color natural, Llantas flip 20&#215;2.125 <\/li>\n<li> -Pedales en resina <\/li>\n<\/ul>\n","protected":false},"featured_media":236587,"template":"","meta":{"_et_pb_use_builder":"","_et_pb_old_content":"","_et_gb_content_width":""},"product_brand":[],"product_cat":[74,170],"product_tag":[],"class_list":{"0":"post-236590","1":"product","2":"type-product","3":"status-publish","4":"has-post-thumbnail","6":"product_cat-bicicletas","7":"product_cat-bicicletas-de-bmx","9":"first","10":"instock","11":"taxable","12":"shipping-taxable","13":"purchasable","14":"product-type-simple"},"_links":{"self":[{"href":"https:\/\/www.almacenflotablanca.com\/web\/wp-json\/wp\/v2\/product\/236590","targetHints":{"allow":["GET"]}}],"collection":[{"href":"https:\/\/www.almacenflotablanca.com\/web\/wp-json\/wp\/v2\/product"}],"about":[{"href":"https:\/\/www.almacenflotablanca.com\/web\/wp-json\/wp\/v2\/types\/product"}],"wp:featuredmedia":[{"embeddable":true,"href":"https:\/\/www.almacenflotablanca.com\/web\/wp-json\/wp\/v2\/media\/236587"}],"wp:attachment":[{"href":"https:\/\/www.almacenflotablanca.com\/web\/wp-json\/wp\/v2\/media?parent=236590"}],"wp:term":[{"taxonomy":"product_brand","embeddable":true,"href":"https:\/\/www.almacenflotablanca.com\/web\/wp-json\/wp\/v2\/product_brand?post=236590"},{"taxonomy":"product_cat","embeddable":true,"href":"https:\/\/www.almacenflotablanca.com\/web\/wp-json\/wp\/v2\/product_cat?post=236590"},{"taxonomy":"product_tag","embeddable":true,"href":"https:\/\/www.almacenflotablanca.com\/web\/wp-json\/wp\/v2\/product_tag?post=236590"}],"curies":[{"name":"wp","href":"https:\/\/api.w.org\/{rel}","templated":true}]}}