{"id":236709,"date":"2023-05-05T17:56:32","date_gmt":"2023-05-05T22:56:32","guid":{"rendered":"https:\/\/www.almacenflotablanca.com\/web\/producto\/bicicleta-rin-12p-princess-story-gw-morada\/"},"modified":"2026-04-15T16:10:44","modified_gmt":"2026-04-15T21:10:44","slug":"bicicleta-rin-12p-princess-story-gw-morada","status":"publish","type":"product","link":"https:\/\/www.almacenflotablanca.com\/web\/producto\/bicicleta-rin-12p-princess-story-gw-morada\/","title":{"rendered":"Bicicleta Rin 12p Princess Story Gw Morada"},"content":{"rendered":"<p>Bicicleta Rin 12p Princess Story Gw Morada<br \/>\nBicicleta para ni\u00f1a con accesorios, canasta, botella, timbre con espejo, mangos con flecos, tablero, guardabarros, lenticulares, guardacadena, silla para la mu\u00f1eca, ruedas auxiliares. Edad recomendada de los 2 a los 4 a\u00f1os.<br \/>\nMarco en acero con caja peque\u00f1a<br \/>\nTenedor en acero con espigo de rosca<br \/>\nCodo bmx en acero<br \/>\nDirecci\u00f3n tipo bmx en acero<br \/>\nSistema de freno v-brake en resina<br \/>\nRelaci\u00f3n en acero 28t<br \/>\nPi\u00f1\u00f3n marr\u00f3n 16t<br \/>\nManzana en acero<br \/>\nAros en aluminio pintados, Llantas de color<\/p>\n","protected":false},"excerpt":{"rendered":"<ul>\n<li> -Sistema de freno v-brake en resina <\/li>\n<li> -Relaci\u00f3n en acero 28t <\/li>\n<li> -Pi\u00f1\u00f3n marr\u00f3n 16t <\/li>\n<\/ul>\n","protected":false},"featured_media":236703,"template":"","meta":{"_et_pb_use_builder":"","_et_pb_old_content":"","_et_gb_content_width":""},"product_brand":[],"product_cat":[74,64],"product_tag":[],"class_list":{"0":"post-236709","1":"product","2":"type-product","3":"status-publish","4":"has-post-thumbnail","6":"product_cat-bicicletas","7":"product_cat-bicicletas-infantiles","9":"first","10":"outofstock","11":"taxable","12":"shipping-taxable","13":"purchasable","14":"product-type-simple"},"_links":{"self":[{"href":"https:\/\/www.almacenflotablanca.com\/web\/wp-json\/wp\/v2\/product\/236709","targetHints":{"allow":["GET"]}}],"collection":[{"href":"https:\/\/www.almacenflotablanca.com\/web\/wp-json\/wp\/v2\/product"}],"about":[{"href":"https:\/\/www.almacenflotablanca.com\/web\/wp-json\/wp\/v2\/types\/product"}],"wp:featuredmedia":[{"embeddable":true,"href":"https:\/\/www.almacenflotablanca.com\/web\/wp-json\/wp\/v2\/media\/236703"}],"wp:attachment":[{"href":"https:\/\/www.almacenflotablanca.com\/web\/wp-json\/wp\/v2\/media?parent=236709"}],"wp:term":[{"taxonomy":"product_brand","embeddable":true,"href":"https:\/\/www.almacenflotablanca.com\/web\/wp-json\/wp\/v2\/product_brand?post=236709"},{"taxonomy":"product_cat","embeddable":true,"href":"https:\/\/www.almacenflotablanca.com\/web\/wp-json\/wp\/v2\/product_cat?post=236709"},{"taxonomy":"product_tag","embeddable":true,"href":"https:\/\/www.almacenflotablanca.com\/web\/wp-json\/wp\/v2\/product_tag?post=236709"}],"curies":[{"name":"wp","href":"https:\/\/api.w.org\/{rel}","templated":true}]}}