{"id":236725,"date":"2023-05-13T09:49:15","date_gmt":"2023-05-13T14:49:15","guid":{"rendered":"https:\/\/www.almacenflotablanca.com\/web\/producto\/carro-bateria-jeep-seis-llantas-bbj-rojo\/"},"modified":"2026-04-15T16:12:05","modified_gmt":"2026-04-15T21:12:05","slug":"carro-bateria-jeep-seis-llantas-bbj-rojo","status":"publish","type":"product","link":"https:\/\/www.almacenflotablanca.com\/web\/producto\/carro-bateria-jeep-seis-llantas-bbj-rojo\/","title":{"rendered":"CARRO BATERIA JEEP SEIS LLANTAS BBJ ROJO"},"content":{"rendered":"<p>CARRO BATERIA JEEP SEIS LLANTAS BBJ ROJO Carro El\u00e9ctrico Montable Jeep, Pedal el\u00e9ctrico controlado que da dos velocidades hacia adelante y una hacia atr\u00e1s, control remoto de cuatro v\u00edas 2.4G que da tres velocidades hacia a delante y reversa, acelera hasta 4 km \/ h, tablero digital, viene con MP3, toma USB, con funci\u00f3n bluetooth, con amortiguadores en las seis ruedas, con puertas que se abren. Cuenta con ruedas en pasta de alta resistencia y un c\u00f3modo asiento en pasta, cintur\u00f3n de seguridad, plat\u00f3n con puerta, capo abatible, direcci\u00f3n funcional, luces delanteras, exploradoras y stop. Tracci\u00f3n en las cuatro llantas traseras. Bater\u00eda recargable de 12V 9amperios, viene con cargador 12V 1 amperio.<\/p>\n","protected":false},"excerpt":{"rendered":"<p>CARRO BATERIA JEEP SEIS LLANTAS BBJ ROJO Carro El\u00e9ctrico Montable Jeep, Pedal el\u00e9ctrico controlado que da dos velocidades hacia adelante y una hacia atr\u00e1s, control remoto de cuatro v\u00edas 2.4G que da tres velocidades hacia a delante y reversa, acelera hasta 4 km \/ h, tablero digital, viene con MP3, toma USB, con funci\u00f3n bluetooth, [&hellip;]<\/p>\n","protected":false},"featured_media":236720,"template":"","meta":{"_et_pb_use_builder":"","_et_pb_old_content":"","_et_gb_content_width":""},"product_brand":[],"product_cat":[72,63],"product_tag":[],"class_list":{"0":"post-236725","1":"product","2":"type-product","3":"status-publish","4":"has-post-thumbnail","6":"product_cat-carros-de-bateria","7":"product_cat-jugueteria","9":"first","10":"instock","11":"taxable","12":"shipping-taxable","13":"purchasable","14":"product-type-simple"},"_links":{"self":[{"href":"https:\/\/www.almacenflotablanca.com\/web\/wp-json\/wp\/v2\/product\/236725","targetHints":{"allow":["GET"]}}],"collection":[{"href":"https:\/\/www.almacenflotablanca.com\/web\/wp-json\/wp\/v2\/product"}],"about":[{"href":"https:\/\/www.almacenflotablanca.com\/web\/wp-json\/wp\/v2\/types\/product"}],"wp:featuredmedia":[{"embeddable":true,"href":"https:\/\/www.almacenflotablanca.com\/web\/wp-json\/wp\/v2\/media\/236720"}],"wp:attachment":[{"href":"https:\/\/www.almacenflotablanca.com\/web\/wp-json\/wp\/v2\/media?parent=236725"}],"wp:term":[{"taxonomy":"product_brand","embeddable":true,"href":"https:\/\/www.almacenflotablanca.com\/web\/wp-json\/wp\/v2\/product_brand?post=236725"},{"taxonomy":"product_cat","embeddable":true,"href":"https:\/\/www.almacenflotablanca.com\/web\/wp-json\/wp\/v2\/product_cat?post=236725"},{"taxonomy":"product_tag","embeddable":true,"href":"https:\/\/www.almacenflotablanca.com\/web\/wp-json\/wp\/v2\/product_tag?post=236725"}],"curies":[{"name":"wp","href":"https:\/\/api.w.org\/{rel}","templated":true}]}}