{"id":236737,"date":"2023-05-13T10:30:31","date_gmt":"2023-05-13T15:30:31","guid":{"rendered":"https:\/\/www.almacenflotablanca.com\/web\/producto\/carro-patineta-three-wheeler-fucsia-pequeno\/"},"modified":"2026-04-15T16:11:50","modified_gmt":"2026-04-15T21:11:50","slug":"carro-patineta-three-wheeler-fucsia-pequeno","status":"publish","type":"product","link":"https:\/\/www.almacenflotablanca.com\/web\/producto\/carro-patineta-three-wheeler-fucsia-pequeno\/","title":{"rendered":"CARRO PATINETA THREE WHEELER FUCSIA PEQUE\u00d1O"},"content":{"rendered":"<p>CARRO PATINETA THREE WHEELER FUCSIA PEQUE\u00d1O  Chasis en tubo de hierro, lona resistente con motivos variados, ruedas en silicona con luces, mangos en caucho para apoyar pies y sujetarse con las manos, sistema de freno. Para ni\u00f1os y ni\u00f1as entre 4 y 6 a\u00f1os de edad. No requiere de cadenas, bater\u00edas o pedales.<br \/>\nSeguro, resistente y f\u00e1cil de usar.<br \/>\nSoporta hasta 45 Kg de peso.<br \/>\nFreno de Mano.<br \/>\nEs pr\u00e1ctico, divertido y c\u00f3modo.<\/p>\n","protected":false},"excerpt":{"rendered":"<ul>\n<li> Seguro, resistente y f\u00e1cil de usar. <\/li>\n<li> Soporta hasta 45 Kg de peso. <\/li>\n<li> Freno de Mano. <\/li>\n<li> Es pr\u00e1ctico, divertido y c\u00f3modo <\/li>\n<\/ul>\n","protected":false},"featured_media":236735,"template":"","meta":{"_et_pb_use_builder":"","_et_pb_old_content":"","_et_gb_content_width":""},"product_brand":[],"product_cat":[63,60],"product_tag":[],"class_list":{"0":"post-236737","1":"product","2":"type-product","3":"status-publish","4":"has-post-thumbnail","6":"product_cat-jugueteria","7":"product_cat-patinetas","9":"first","10":"instock","11":"taxable","12":"shipping-taxable","13":"purchasable","14":"product-type-simple"},"_links":{"self":[{"href":"https:\/\/www.almacenflotablanca.com\/web\/wp-json\/wp\/v2\/product\/236737","targetHints":{"allow":["GET"]}}],"collection":[{"href":"https:\/\/www.almacenflotablanca.com\/web\/wp-json\/wp\/v2\/product"}],"about":[{"href":"https:\/\/www.almacenflotablanca.com\/web\/wp-json\/wp\/v2\/types\/product"}],"wp:featuredmedia":[{"embeddable":true,"href":"https:\/\/www.almacenflotablanca.com\/web\/wp-json\/wp\/v2\/media\/236735"}],"wp:attachment":[{"href":"https:\/\/www.almacenflotablanca.com\/web\/wp-json\/wp\/v2\/media?parent=236737"}],"wp:term":[{"taxonomy":"product_brand","embeddable":true,"href":"https:\/\/www.almacenflotablanca.com\/web\/wp-json\/wp\/v2\/product_brand?post=236737"},{"taxonomy":"product_cat","embeddable":true,"href":"https:\/\/www.almacenflotablanca.com\/web\/wp-json\/wp\/v2\/product_cat?post=236737"},{"taxonomy":"product_tag","embeddable":true,"href":"https:\/\/www.almacenflotablanca.com\/web\/wp-json\/wp\/v2\/product_tag?post=236737"}],"curies":[{"name":"wp","href":"https:\/\/api.w.org\/{rel}","templated":true}]}}