{"id":236753,"date":"2023-05-16T16:49:41","date_gmt":"2023-05-16T21:49:41","guid":{"rendered":"https:\/\/www.almacenflotablanca.com\/web\/producto\/bicicleta-profit-29-arizona-2020-8-vel\/"},"modified":"2026-04-15T16:11:26","modified_gmt":"2026-04-15T21:11:26","slug":"bicicleta-profit-29-arizona-2020-8-vel","status":"publish","type":"product","link":"https:\/\/www.almacenflotablanca.com\/web\/producto\/bicicleta-profit-29-arizona-2020-8-vel\/","title":{"rendered":"BICICLETA PROFIT 29 ARIZONA 2020 8 VEL"},"content":{"rendered":"<p>BICICLETA PROFIT 29 ARIZONA 2020 8 VEL<br \/>\nBicicleta de monta\u00f1a rin 29, de 8 velocidades, marco en acero. La bicicleta PROFIT z10 arizona llego totalmente renovada, su marco aerodin\u00e1mico de \u00fanico dise\u00f1o har\u00e1 que tu bicicleta est\u00e9ticamente sea m\u00e1s atractiva<br \/>\nEdad recomendad de 13 a\u00f1os en adelante.<br \/>\nMarco en acero con cableado interno, frente c\u00f3nico.<br \/>\nSuspensi\u00f3n profit arizona sin bloqueo<br \/>\nCodo profit arizona en aluminio, Direcci\u00f3n profit arizona en acero<br \/>\nSistema de freno de disco mec\u00e1nico profit<br \/>\nPalancas profit de 8X3 velocidades<br \/>\nRelaci\u00f3n profit 42\/34\/24 bielas y coronillas en acero<br \/>\nPacha 14\/32 de rosca<br \/>\nDescarrilador shimano turney TZ, Tensor shimano turney TZ<\/p>\n","protected":false},"excerpt":{"rendered":"<ul>\n<li> Manzana en acero de 36 huecos <\/li>\n<li> Aros en aluminio, Llantas 29&#215;2.35 de tache bajo <\/li>\n<li> Pedales en aluminio <\/li>\n<li> Colores negro-azul <\/li>\n<\/ul>\n","protected":false},"featured_media":236748,"template":"","meta":{"_et_pb_use_builder":"","_et_pb_old_content":"","_et_gb_content_width":""},"product_brand":[],"product_cat":[74,138],"product_tag":[],"class_list":{"0":"post-236753","1":"product","2":"type-product","3":"status-publish","4":"has-post-thumbnail","6":"product_cat-bicicletas","7":"product_cat-bicicletas-de-montana","9":"first","10":"outofstock","11":"taxable","12":"shipping-taxable","13":"purchasable","14":"product-type-simple"},"_links":{"self":[{"href":"https:\/\/www.almacenflotablanca.com\/web\/wp-json\/wp\/v2\/product\/236753","targetHints":{"allow":["GET"]}}],"collection":[{"href":"https:\/\/www.almacenflotablanca.com\/web\/wp-json\/wp\/v2\/product"}],"about":[{"href":"https:\/\/www.almacenflotablanca.com\/web\/wp-json\/wp\/v2\/types\/product"}],"wp:featuredmedia":[{"embeddable":true,"href":"https:\/\/www.almacenflotablanca.com\/web\/wp-json\/wp\/v2\/media\/236748"}],"wp:attachment":[{"href":"https:\/\/www.almacenflotablanca.com\/web\/wp-json\/wp\/v2\/media?parent=236753"}],"wp:term":[{"taxonomy":"product_brand","embeddable":true,"href":"https:\/\/www.almacenflotablanca.com\/web\/wp-json\/wp\/v2\/product_brand?post=236753"},{"taxonomy":"product_cat","embeddable":true,"href":"https:\/\/www.almacenflotablanca.com\/web\/wp-json\/wp\/v2\/product_cat?post=236753"},{"taxonomy":"product_tag","embeddable":true,"href":"https:\/\/www.almacenflotablanca.com\/web\/wp-json\/wp\/v2\/product_tag?post=236753"}],"curies":[{"name":"wp","href":"https:\/\/api.w.org\/{rel}","templated":true}]}}