{"id":236845,"date":"2023-06-06T12:36:59","date_gmt":"2023-06-06T17:36:59","guid":{"rendered":"https:\/\/www.almacenflotablanca.com\/web\/producto\/bicicleta-bmx-zuppra-caja-grande-rin-20-craquelado\/"},"modified":"2026-04-15T16:12:07","modified_gmt":"2026-04-15T21:12:07","slug":"bicicleta-bmx-zuppra-caja-grande-rin-20-craquelado","status":"publish","type":"product","link":"https:\/\/www.almacenflotablanca.com\/web\/producto\/bicicleta-bmx-zuppra-caja-grande-rin-20-craquelado\/","title":{"rendered":"BICICLETA BMX ZUPPRA CAJA GRANDE RIN 20 CRAQUELADO"},"content":{"rendered":"<p>Bicicleta tipo bmx, ideal para ni\u00f1os de 6 a\u00f1os en adelante, silla de altura ajustable seg\u00fan la edad, edad recomendada de lo 6 a\u00f1os en adelante.<br \/>\nMarco en acero con caja americana<br \/>\nTenedor r\u00edgido en acero con espigo de rosca<br \/>\nCodo bmx en acero<br \/>\nDirecci\u00f3n bmx en acero<br \/>\nSistema de freno v-brake en resina<\/p>\n","protected":false},"excerpt":{"rendered":"<ul>\n<li> Relaci\u00f3n en acero 36t <\/li>\n<li> Pi\u00f1\u00f3n marr\u00f3n 18t <\/li>\n<li> Manzana en acero de 36 huecos <\/li>\n<li> Aros en aluminio color natural, Llantas flip 20&#215;2.125 <\/li>\n<li> Pedales en resina <\/li>\n<\/ul>\n","protected":false},"featured_media":236842,"template":"","meta":{"_et_pb_use_builder":"","_et_pb_old_content":"","_et_gb_content_width":""},"product_brand":[],"product_cat":[74,170],"product_tag":[],"class_list":{"0":"post-236845","1":"product","2":"type-product","3":"status-publish","4":"has-post-thumbnail","6":"product_cat-bicicletas","7":"product_cat-bicicletas-de-bmx","9":"first","10":"instock","11":"taxable","12":"shipping-taxable","13":"purchasable","14":"product-type-simple"},"_links":{"self":[{"href":"https:\/\/www.almacenflotablanca.com\/web\/wp-json\/wp\/v2\/product\/236845","targetHints":{"allow":["GET"]}}],"collection":[{"href":"https:\/\/www.almacenflotablanca.com\/web\/wp-json\/wp\/v2\/product"}],"about":[{"href":"https:\/\/www.almacenflotablanca.com\/web\/wp-json\/wp\/v2\/types\/product"}],"wp:featuredmedia":[{"embeddable":true,"href":"https:\/\/www.almacenflotablanca.com\/web\/wp-json\/wp\/v2\/media\/236842"}],"wp:attachment":[{"href":"https:\/\/www.almacenflotablanca.com\/web\/wp-json\/wp\/v2\/media?parent=236845"}],"wp:term":[{"taxonomy":"product_brand","embeddable":true,"href":"https:\/\/www.almacenflotablanca.com\/web\/wp-json\/wp\/v2\/product_brand?post=236845"},{"taxonomy":"product_cat","embeddable":true,"href":"https:\/\/www.almacenflotablanca.com\/web\/wp-json\/wp\/v2\/product_cat?post=236845"},{"taxonomy":"product_tag","embeddable":true,"href":"https:\/\/www.almacenflotablanca.com\/web\/wp-json\/wp\/v2\/product_tag?post=236845"}],"curies":[{"name":"wp","href":"https:\/\/api.w.org\/{rel}","templated":true}]}}