{"id":237009,"date":"2023-07-07T09:43:11","date_gmt":"2023-07-07T14:43:11","guid":{"rendered":"https:\/\/www.almacenflotablanca.com\/web\/producto\/casco-mrr-enduro-ciclo-cross-negro-m\/"},"modified":"2026-04-15T16:11:22","modified_gmt":"2026-04-15T21:11:22","slug":"casco-mrr-enduro-ciclo-cross-negro-m","status":"publish","type":"product","link":"https:\/\/www.almacenflotablanca.com\/web\/producto\/casco-mrr-enduro-ciclo-cross-negro-m\/","title":{"rendered":"CASCO MRR ENDURO CICLO CROSS NEGRO M"},"content":{"rendered":"<p>Casco MRR enduro, con graduaci\u00f3n y luz integrada con 2 secuencias, fija e intermitente (pila intercambiable). <\/p>\n<p>El casco MRR Enduro Ciclo Cross en color negro y talla M es una opci\u00f3n ideal para los amantes del ciclismo de monta\u00f1a y las aventuras todoterreno. Dise\u00f1ado para ofrecer protecci\u00f3n, comodidad y estilo, este casco te brindar\u00e1 la confianza necesaria durante tus recorridos m\u00e1s desafiantes.<\/p>\n<p>El casco MRR Enduro Ciclo Cross presenta una construcci\u00f3n resistente y duradera que cumple con los est\u00e1ndares de seguridad para garantizar una protecci\u00f3n confiable en caso de impacto. Su dise\u00f1o aerodin\u00e1mico y ventilado permite una excelente circulaci\u00f3n de aire, manteniendo tu cabeza fresca y seca incluso en las rutas m\u00e1s exigentes.<\/p>\n","protected":false},"excerpt":{"rendered":"<ul>\n<li> &#8211; Talla M: 54-59 cm,  cuenta con un sistema de correas que se adaptan, logrando as\u00ed un mecanismo de ajuste y seguridad. <\/li>\n<li> &#8211; Espumas interiores para mayor comodidad.  <\/li>\n<li> &#8211; Cumple con todas las normas internacionales de seguridad CE. <\/li>\n<li> &#8211; Malla frontal interior. <\/li>\n<li> &#8211; Edad recomendada 10 a\u00f1os en adelante. <\/li>\n<\/ul>\n","protected":false},"featured_media":237006,"template":"","meta":{"_et_pb_use_builder":"","_et_pb_old_content":"","_et_gb_content_width":""},"product_brand":[],"product_cat":[53,167],"product_tag":[],"class_list":{"0":"post-237009","1":"product","2":"type-product","3":"status-publish","4":"has-post-thumbnail","6":"product_cat-accesorios-deportivos","7":"product_cat-protecciones","9":"first","10":"instock","11":"taxable","12":"shipping-taxable","13":"purchasable","14":"product-type-simple"},"_links":{"self":[{"href":"https:\/\/www.almacenflotablanca.com\/web\/wp-json\/wp\/v2\/product\/237009","targetHints":{"allow":["GET"]}}],"collection":[{"href":"https:\/\/www.almacenflotablanca.com\/web\/wp-json\/wp\/v2\/product"}],"about":[{"href":"https:\/\/www.almacenflotablanca.com\/web\/wp-json\/wp\/v2\/types\/product"}],"wp:featuredmedia":[{"embeddable":true,"href":"https:\/\/www.almacenflotablanca.com\/web\/wp-json\/wp\/v2\/media\/237006"}],"wp:attachment":[{"href":"https:\/\/www.almacenflotablanca.com\/web\/wp-json\/wp\/v2\/media?parent=237009"}],"wp:term":[{"taxonomy":"product_brand","embeddable":true,"href":"https:\/\/www.almacenflotablanca.com\/web\/wp-json\/wp\/v2\/product_brand?post=237009"},{"taxonomy":"product_cat","embeddable":true,"href":"https:\/\/www.almacenflotablanca.com\/web\/wp-json\/wp\/v2\/product_cat?post=237009"},{"taxonomy":"product_tag","embeddable":true,"href":"https:\/\/www.almacenflotablanca.com\/web\/wp-json\/wp\/v2\/product_tag?post=237009"}],"curies":[{"name":"wp","href":"https:\/\/api.w.org\/{rel}","templated":true}]}}