{"id":237552,"date":"2024-01-11T14:56:01","date_gmt":"2024-01-11T19:56:01","guid":{"rendered":"https:\/\/www.almacenflotablanca.com\/web\/?post_type=product&#038;p=237552"},"modified":"2026-04-15T16:11:43","modified_gmt":"2026-04-15T21:11:43","slug":"carro-montable-ebaby-super-b-luces-y-sonido-naranja","status":"publish","type":"product","link":"https:\/\/www.almacenflotablanca.com\/web\/producto\/carro-montable-ebaby-super-b-luces-y-sonido-naranja\/","title":{"rendered":"CARRO MONTABLE EBABY SUPER B LUCES Y SONIDO NARANJA"},"content":{"rendered":"<p>carro montable, luces y sonidos, reposapies, brazos de seguridad, palanca para empujar y guiar la direcci\u00f3n, direcci\u00f3n funcional, se puede retirar los brazos de seguridad, la palanca de empujar y los reposapies para que el ni\u00f1o se impulse por s\u00ed solo con los pies.<\/p>\n<p>Edad recomendada de 1 a 2 a\u00f1os<\/p>\n","protected":false},"excerpt":{"rendered":"<p>carro montable, luces y sonidos, reposapies, brazos de seguridad, palanca para empujar y guiar la direcci\u00f3n, direcci\u00f3n funcional, se puede retirar los brazos de seguridad, la palanca de empujar y los reposapies para que el ni\u00f1o se impulse por s\u00ed solo con los pies. Edad recomendada de 1 a 2 a\u00f1os<\/p>\n","protected":false},"featured_media":237553,"template":"","meta":{"_et_pb_use_builder":"","_et_pb_old_content":"","_et_gb_content_width":""},"product_brand":[],"product_cat":[97],"product_tag":[554],"class_list":{"0":"post-237552","1":"product","2":"type-product","3":"status-publish","4":"has-post-thumbnail","6":"product_cat-triciclos","7":"product_tag-montable","9":"first","10":"instock","11":"taxable","12":"shipping-taxable","13":"purchasable","14":"product-type-simple"},"_links":{"self":[{"href":"https:\/\/www.almacenflotablanca.com\/web\/wp-json\/wp\/v2\/product\/237552","targetHints":{"allow":["GET"]}}],"collection":[{"href":"https:\/\/www.almacenflotablanca.com\/web\/wp-json\/wp\/v2\/product"}],"about":[{"href":"https:\/\/www.almacenflotablanca.com\/web\/wp-json\/wp\/v2\/types\/product"}],"wp:featuredmedia":[{"embeddable":true,"href":"https:\/\/www.almacenflotablanca.com\/web\/wp-json\/wp\/v2\/media\/237553"}],"wp:attachment":[{"href":"https:\/\/www.almacenflotablanca.com\/web\/wp-json\/wp\/v2\/media?parent=237552"}],"wp:term":[{"taxonomy":"product_brand","embeddable":true,"href":"https:\/\/www.almacenflotablanca.com\/web\/wp-json\/wp\/v2\/product_brand?post=237552"},{"taxonomy":"product_cat","embeddable":true,"href":"https:\/\/www.almacenflotablanca.com\/web\/wp-json\/wp\/v2\/product_cat?post=237552"},{"taxonomy":"product_tag","embeddable":true,"href":"https:\/\/www.almacenflotablanca.com\/web\/wp-json\/wp\/v2\/product_tag?post=237552"}],"curies":[{"name":"wp","href":"https:\/\/api.w.org\/{rel}","templated":true}]}}