{"id":237769,"date":"2024-03-28T12:25:18","date_gmt":"2024-03-28T17:25:18","guid":{"rendered":"https:\/\/www.almacenflotablanca.com\/web\/?post_type=product&#038;p=237769"},"modified":"2026-04-15T16:11:52","modified_gmt":"2026-04-15T21:11:52","slug":"mini-bomba-aluminio-cah-106-1-via-beto","status":"publish","type":"product","link":"https:\/\/www.almacenflotablanca.com\/web\/producto\/mini-bomba-aluminio-cah-106-1-via-beto\/","title":{"rendered":"MINI BOMBA ALUMINIO CAH-106 1 VIA BETO"},"content":{"rendered":"<p>Descripci\u00f3n: Cuenta con una estructura ligera y compacta, cuerpo en aluminio, cabezal autom\u00e1tico en pasta, es compatible con v\u00e1lvulas Presta y Schrader, cuenta con soporte para llevar en la bicicleta, 5.5BAR\/80PSI<\/p>\n","protected":false},"excerpt":{"rendered":"<p>Descripci\u00f3n: Cuenta con una estructura ligera y compacta, cuerpo en aluminio, cabezal autom\u00e1tico en pasta, es compatible con v\u00e1lvulas Presta y Schrader, cuenta con soporte para llevar en la bicicleta, 5.5BAR\/80PSI<\/p>\n","protected":false},"featured_media":237770,"template":"","meta":{"_et_pb_use_builder":"","_et_pb_old_content":"","_et_gb_content_width":""},"product_brand":[],"product_cat":[15,179,53],"product_tag":[],"class_list":{"0":"post-237769","1":"product","2":"type-product","3":"status-publish","4":"has-post-thumbnail","6":"product_cat-productos","7":"product_cat-accesorios","8":"product_cat-accesorios-deportivos","10":"first","11":"instock","12":"taxable","13":"shipping-taxable","14":"purchasable","15":"product-type-simple"},"_links":{"self":[{"href":"https:\/\/www.almacenflotablanca.com\/web\/wp-json\/wp\/v2\/product\/237769","targetHints":{"allow":["GET"]}}],"collection":[{"href":"https:\/\/www.almacenflotablanca.com\/web\/wp-json\/wp\/v2\/product"}],"about":[{"href":"https:\/\/www.almacenflotablanca.com\/web\/wp-json\/wp\/v2\/types\/product"}],"wp:featuredmedia":[{"embeddable":true,"href":"https:\/\/www.almacenflotablanca.com\/web\/wp-json\/wp\/v2\/media\/237770"}],"wp:attachment":[{"href":"https:\/\/www.almacenflotablanca.com\/web\/wp-json\/wp\/v2\/media?parent=237769"}],"wp:term":[{"taxonomy":"product_brand","embeddable":true,"href":"https:\/\/www.almacenflotablanca.com\/web\/wp-json\/wp\/v2\/product_brand?post=237769"},{"taxonomy":"product_cat","embeddable":true,"href":"https:\/\/www.almacenflotablanca.com\/web\/wp-json\/wp\/v2\/product_cat?post=237769"},{"taxonomy":"product_tag","embeddable":true,"href":"https:\/\/www.almacenflotablanca.com\/web\/wp-json\/wp\/v2\/product_tag?post=237769"}],"curies":[{"name":"wp","href":"https:\/\/api.w.org\/{rel}","templated":true}]}}